{"id":94,"date":"2024-12-28T11:13:26","date_gmt":"2024-12-28T11:13:26","guid":{"rendered":"https:\/\/hotairballoonagadir.com\/?page_id=94"},"modified":"2025-01-07T12:24:01","modified_gmt":"2025-01-07T12:24:01","slug":"a-propos-de-nous","status":"publish","type":"page","link":"https:\/\/hotairballoonagadir.com\/fr\/about-us\/","title":{"rendered":"\u00c0 propos de nous"},"content":{"rendered":"<div data-elementor-type=\"wp-page\" data-elementor-id=\"94\" class=\"elementor elementor-94\" data-elementor-post-type=\"page\">\n\t\t\t\t\t\t<section class=\"elementor-section elementor-top-section elementor-element elementor-element-70e44b7c elementor-section-boxed elementor-section-height-default elementor-section-height-default\" data-id=\"70e44b7c\" data-element_type=\"section\" data-e-type=\"section\" data-settings=\"{&quot;background_background&quot;:&quot;classic&quot;}\">\n\t\t\t\t\t\t\t<div class=\"elementor-background-overlay\"><\/div>\n\t\t\t\t\t\t\t<div class=\"elementor-container elementor-column-gap-default\">\n\t\t\t\t\t<div class=\"elementor-column elementor-col-100 elementor-top-column elementor-element elementor-element-3a50120c\" data-id=\"3a50120c\" data-element_type=\"column\" data-e-type=\"column\">\n\t\t\t<div class=\"elementor-widget-wrap elementor-element-populated\">\n\t\t\t\t\t\t<div class=\"elementor-element elementor-element-4a58734b de_scroll_animation_no elementor-widget elementor-widget-heading\" data-id=\"4a58734b\" data-element_type=\"widget\" data-e-type=\"widget\" data-widget_type=\"heading.default\">\n\t\t\t\t<div class=\"elementor-widget-container\">\n\t\t\t\t\t<h1 class=\"elementor-heading-title elementor-size-default\">\u00c0 propos de nous\n<\/h1>\t\t\t\t<\/div>\n\t\t\t\t<\/div>\n\t\t\t\t\t<\/div>\n\t\t<\/div>\n\t\t\t\t\t<\/div>\n\t\t<\/section>\n\t\t\t\t<section class=\"elementor-section elementor-top-section elementor-element elementor-element-26888f6c elementor-section-content-middle elementor-reverse-tablet elementor-section-boxed elementor-section-height-default elementor-section-height-default\" data-id=\"26888f6c\" data-element_type=\"section\" data-e-type=\"section\">\n\t\t\t\t\t\t<div class=\"elementor-container elementor-column-gap-default\">\n\t\t\t\t\t<div class=\"elementor-column elementor-col-66 elementor-top-column elementor-element elementor-element-173a380e\" data-id=\"173a380e\" data-element_type=\"column\" data-e-type=\"column\">\n\t\t\t<div class=\"elementor-widget-wrap elementor-element-populated\">\n\t\t\t\t\t\t<div class=\"elementor-element elementor-element-5bf71105 de_scroll_animation_no elementor-widget elementor-widget-heading\" data-id=\"5bf71105\" data-element_type=\"widget\" data-e-type=\"widget\" data-widget_type=\"heading.default\">\n\t\t\t\t<div class=\"elementor-widget-container\">\n\t\t\t\t\t<h2 class=\"elementor-heading-title elementor-size-default\">Aventure en montgolfi\u00e8re \u00e0 Agadir<\/h2>\t\t\t\t<\/div>\n\t\t\t\t<\/div>\n\t\t\t\t<div class=\"elementor-element elementor-element-42e7f987 elementor-widget-divider--view-line de_scroll_animation_no elementor-widget elementor-widget-divider\" data-id=\"42e7f987\" data-element_type=\"widget\" data-e-type=\"widget\" data-widget_type=\"divider.default\">\n\t\t\t\t<div class=\"elementor-widget-container\">\n\t\t\t\t\t\t\t<div class=\"elementor-divider\">\n\t\t\t<span class=\"elementor-divider-separator\">\n\t\t\t\t\t\t<\/span>\n\t\t<\/div>\n\t\t\t\t\t\t<\/div>\n\t\t\t\t<\/div>\n\t\t\t\t<div class=\"elementor-element elementor-element-7369c368 de_scroll_animation_no elementor-widget elementor-widget-text-editor\" data-id=\"7369c368\" data-element_type=\"widget\" data-e-type=\"widget\" data-widget_type=\"text-editor.default\">\n\t\t\t\t<div class=\"elementor-widget-container\">\n\t\t\t\t\t\t\t\t\t<p>Au fil des ans, nous sommes pass\u00e9s d'un d\u00e9but modeste \u00e0 une compagnie florissante d'aventures en montgolfi\u00e8re \u00e0 Agadir, gagnant la confiance et la loyaut\u00e9 de nos pr\u00e9cieux clients. Nous avons eu le privil\u00e8ge de faire voler des milliers de passagers, chacun cr\u00e9ant des souvenirs inoubliables en survolant des paysages \u00e9poustouflants.<\/p><p>Nos pilotes qualifi\u00e9s et notre \u00e9quipage d\u00e9vou\u00e9 accordent la priorit\u00e9 \u00e0 votre s\u00e9curit\u00e9 et \u00e0 votre plaisir, en veillant \u00e0 ce que chaque vol soit une exp\u00e9rience transparente et personnalis\u00e9e. Nous sommes fiers de notre attention m\u00e9ticuleuse aux d\u00e9tails et de notre engagement \u00e0 rendre chaque voyage vraiment sp\u00e9cial.<\/p><p>Nous pensons que la montgolfi\u00e8re est une exp\u00e9rience magique que chacun devrait vivre au moins une fois dans sa vie. Que ce soit pour c\u00e9l\u00e9brer une occasion sp\u00e9ciale ou pour d\u00e9couvrir la beaut\u00e9 d'Agadir d'une mani\u00e8re unique, nous sommes l\u00e0 pour vous offrir une aventure extraordinaire.<\/p><p>Merci d'avoir pens\u00e9 \u00e0 nous pour votre exp\u00e9rience en montgolfi\u00e8re. Nous sommes impatients de partager le ciel avec vous !\u00a0<\/p>\t\t\t\t\t\t\t\t<\/div>\n\t\t\t\t<\/div>\n\t\t\t\t\t<\/div>\n\t\t<\/div>\n\t\t\t\t<div class=\"elementor-column elementor-col-33 elementor-top-column elementor-element elementor-element-195619ea\" data-id=\"195619ea\" data-element_type=\"column\" data-e-type=\"column\">\n\t\t\t<div class=\"elementor-widget-wrap elementor-element-populated\">\n\t\t\t\t\t\t<div class=\"elementor-element elementor-element-6f4c3925 de_scroll_animation_no elementor-widget elementor-widget-image\" data-id=\"6f4c3925\" data-element_type=\"widget\" data-e-type=\"widget\" data-widget_type=\"image.default\">\n\t\t\t\t<div class=\"elementor-widget-container\">\n\t\t\t\t\t\t\t\t\t\t\t\t\t\t\t<img fetchpriority=\"high\" decoding=\"async\" width=\"1360\" height=\"1360\" src=\"https:\/\/hotairballoonagadir.com\/wp-content\/uploads\/2024\/12\/hot-air-balloon-agadir-1.jpg\" class=\"attachment-full size-full wp-image-100\" alt=\"Aventure en montgolfi\u00e8re \u00e0 Agadir\" srcset=\"https:\/\/hotairballoonagadir.com\/wp-content\/uploads\/2024\/12\/hot-air-balloon-agadir-1.jpg 1360w, https:\/\/hotairballoonagadir.com\/wp-content\/uploads\/2024\/12\/hot-air-balloon-agadir-1-300x300.jpg 300w, https:\/\/hotairballoonagadir.com\/wp-content\/uploads\/2024\/12\/hot-air-balloon-agadir-1-1024x1024.jpg 1024w, https:\/\/hotairballoonagadir.com\/wp-content\/uploads\/2024\/12\/hot-air-balloon-agadir-1-150x150.jpg 150w, https:\/\/hotairballoonagadir.com\/wp-content\/uploads\/2024\/12\/hot-air-balloon-agadir-1-768x768.jpg 768w\" sizes=\"(max-width: 1360px) 100vw, 1360px\" \/>\t\t\t\t\t\t\t\t\t\t\t\t\t\t\t<\/div>\n\t\t\t\t<\/div>\n\t\t\t\t\t<\/div>\n\t\t<\/div>\n\t\t\t\t\t<\/div>\n\t\t<\/section>\n\t\t\t\t<section class=\"elementor-section elementor-top-section elementor-element elementor-element-e6d17a6 elementor-section-boxed elementor-section-height-default elementor-section-height-default\" data-id=\"e6d17a6\" data-element_type=\"section\" data-e-type=\"section\" data-settings=\"{&quot;background_background&quot;:&quot;classic&quot;}\">\n\t\t\t\t\t\t<div class=\"elementor-container elementor-column-gap-default\">\n\t\t\t\t\t<div class=\"elementor-column elementor-col-100 elementor-top-column elementor-element elementor-element-1605b5ee\" data-id=\"1605b5ee\" data-element_type=\"column\" data-e-type=\"column\">\n\t\t\t<div class=\"elementor-widget-wrap elementor-element-populated\">\n\t\t\t\t\t\t<div class=\"elementor-element elementor-element-3ba28986 de_scroll_animation_no elementor-widget elementor-widget-heading\" data-id=\"3ba28986\" data-element_type=\"widget\" data-e-type=\"widget\" data-widget_type=\"heading.default\">\n\t\t\t\t<div class=\"elementor-widget-container\">\n\t\t\t\t\t<h2 class=\"elementor-heading-title elementor-size-default\">Offrez un cadeau qu'ils n'oublieront jamais.<\/h2>\t\t\t\t<\/div>\n\t\t\t\t<\/div>\n\t\t\t\t<div class=\"elementor-element elementor-element-63b085f0 de_scroll_animation_no elementor-widget elementor-widget-text-editor\" data-id=\"63b085f0\" data-element_type=\"widget\" data-e-type=\"widget\" data-widget_type=\"text-editor.default\">\n\t\t\t\t<div class=\"elementor-widget-container\">\n\t\t\t\t\t\t\t\t\t<p>Ce fut une exp\u00e9rience absolument incroyable et m\u00e9morable que mon mari et moi ch\u00e9rirons toujours. Notre vol \u00e9tait un cadeau de nos enfants pour notre deuxi\u00e8me anniversaire, et il n'aurait pas pu \u00eatre plus parfait. Notre pilote \u00e9tait exceptionnel, ce qui a rendu le voyage encore plus agr\u00e9able. La vue \u00e9tait \u00e0 couper le souffle - nous pouvions voir les dunes dor\u00e9es d'Agadir jusqu'aux montagnes de l'Atlas, et le paysage d\u00e9sertique \u00e9poustouflant s'\u00e9tendait \u00e0 perte de vue. Le vol en ballon s'est d\u00e9roul\u00e9 dans la douceur, la chaleur et le confort, et nous sommes ravis de recommander cette aventure \u00e0 tous ceux qui recherchent une exp\u00e9rience vraiment sp\u00e9ciale.<\/p>\t\t\t\t\t\t\t\t<\/div>\n\t\t\t\t<\/div>\n\t\t\t\t<section class=\"elementor-section elementor-inner-section elementor-element elementor-element-7ffa4e01 elementor-section-boxed elementor-section-height-default elementor-section-height-default\" data-id=\"7ffa4e01\" data-element_type=\"section\" data-e-type=\"section\">\n\t\t\t\t\t\t<div class=\"elementor-container elementor-column-gap-default\">\n\t\t\t\t\t<div class=\"elementor-column elementor-col-33 elementor-inner-column elementor-element elementor-element-26b833e8\" data-id=\"26b833e8\" data-element_type=\"column\" data-e-type=\"column\">\n\t\t\t<div class=\"elementor-widget-wrap elementor-element-populated\">\n\t\t\t\t\t\t<div class=\"elementor-element elementor-element-13e38977 elementor-position-top de_scroll_animation_no elementor-widget elementor-widget-image-box\" data-id=\"13e38977\" data-element_type=\"widget\" data-e-type=\"widget\" data-widget_type=\"image-box.default\">\n\t\t\t\t<div class=\"elementor-widget-container\">\n\t\t\t\t\t<div class=\"elementor-image-box-wrapper\"><figure class=\"elementor-image-box-img\"><a href=\"https:\/\/hotairballoonagadir.com\/classic-flight\/\" tabindex=\"-1\"><img decoding=\"async\" width=\"800\" height=\"600\" src=\"https:\/\/hotairballoonagadir.com\/wp-content\/uploads\/2024\/12\/hot-air-ballon-standart-flight.jpg\" class=\"attachment-full size-full wp-image-64\" alt=\"vol en montgolfiere standart\" srcset=\"https:\/\/hotairballoonagadir.com\/wp-content\/uploads\/2024\/12\/hot-air-ballon-standart-flight.jpg 800w, https:\/\/hotairballoonagadir.com\/wp-content\/uploads\/2024\/12\/hot-air-ballon-standart-flight-300x225.jpg 300w, https:\/\/hotairballoonagadir.com\/wp-content\/uploads\/2024\/12\/hot-air-ballon-standart-flight-768x576.jpg 768w\" sizes=\"(max-width: 800px) 100vw, 800px\" \/><\/a><\/figure><div class=\"elementor-image-box-content\"><h3 class=\"elementor-image-box-title\"><a href=\"https:\/\/hotairballoonagadir.com\/classic-flight\/\">Paquet classique<\/a><\/h3><\/div><\/div>\t\t\t\t<\/div>\n\t\t\t\t<\/div>\n\t\t\t\t\t<\/div>\n\t\t<\/div>\n\t\t\t\t<div class=\"elementor-column elementor-col-33 elementor-inner-column elementor-element elementor-element-77a6c3d8\" data-id=\"77a6c3d8\" data-element_type=\"column\" data-e-type=\"column\">\n\t\t\t<div class=\"elementor-widget-wrap elementor-element-populated\">\n\t\t\t\t\t\t<div class=\"elementor-element elementor-element-51b28c20 elementor-position-top de_scroll_animation_no elementor-widget elementor-widget-image-box\" data-id=\"51b28c20\" data-element_type=\"widget\" data-e-type=\"widget\" data-widget_type=\"image-box.default\">\n\t\t\t\t<div class=\"elementor-widget-container\">\n\t\t\t\t\t<div class=\"elementor-image-box-wrapper\"><figure class=\"elementor-image-box-img\"><a href=\"https:\/\/hotairballoonagadir.com\/group-flight\/\" tabindex=\"-1\"><img decoding=\"async\" width=\"1921\" height=\"1188\" src=\"https:\/\/hotairballoonagadir.com\/wp-content\/uploads\/2024\/12\/Premium-Flight-Package.jpg\" class=\"attachment-full size-full wp-image-65\" alt=\"Paquet de vols Premium\" srcset=\"https:\/\/hotairballoonagadir.com\/wp-content\/uploads\/2024\/12\/Premium-Flight-Package.jpg 1921w, https:\/\/hotairballoonagadir.com\/wp-content\/uploads\/2024\/12\/Premium-Flight-Package-300x186.jpg 300w, https:\/\/hotairballoonagadir.com\/wp-content\/uploads\/2024\/12\/Premium-Flight-Package-1024x633.jpg 1024w, https:\/\/hotairballoonagadir.com\/wp-content\/uploads\/2024\/12\/Premium-Flight-Package-768x475.jpg 768w, https:\/\/hotairballoonagadir.com\/wp-content\/uploads\/2024\/12\/Premium-Flight-Package-1536x950.jpg 1536w\" sizes=\"(max-width: 1921px) 100vw, 1921px\" \/><\/a><\/figure><div class=\"elementor-image-box-content\"><h3 class=\"elementor-image-box-title\"><a href=\"https:\/\/hotairballoonagadir.com\/group-flight\/\">Balade en ballon pour un groupe<\/a><\/h3><\/div><\/div>\t\t\t\t<\/div>\n\t\t\t\t<\/div>\n\t\t\t\t\t<\/div>\n\t\t<\/div>\n\t\t\t\t<div class=\"elementor-column elementor-col-33 elementor-inner-column elementor-element elementor-element-8a1b3f5\" data-id=\"8a1b3f5\" data-element_type=\"column\" data-e-type=\"column\">\n\t\t\t<div class=\"elementor-widget-wrap elementor-element-populated\">\n\t\t\t\t\t\t<div class=\"elementor-element elementor-element-730c381d elementor-position-top de_scroll_animation_no elementor-widget elementor-widget-image-box\" data-id=\"730c381d\" data-element_type=\"widget\" data-e-type=\"widget\" data-widget_type=\"image-box.default\">\n\t\t\t\t<div class=\"elementor-widget-container\">\n\t\t\t\t\t<div class=\"elementor-image-box-wrapper\"><figure class=\"elementor-image-box-img\"><a href=\"https:\/\/hotairballoonagadir.com\/private-flight\/\" tabindex=\"-1\"><img loading=\"lazy\" decoding=\"async\" width=\"720\" height=\"480\" src=\"https:\/\/hotairballoonagadir.com\/wp-content\/uploads\/2024\/12\/Exclusive-VIP-Package.jpg\" class=\"attachment-full size-full wp-image-66\" alt=\"Package VIP exclusif\" srcset=\"https:\/\/hotairballoonagadir.com\/wp-content\/uploads\/2024\/12\/Exclusive-VIP-Package.jpg 720w, https:\/\/hotairballoonagadir.com\/wp-content\/uploads\/2024\/12\/Exclusive-VIP-Package-300x200.jpg 300w\" sizes=\"(max-width: 720px) 100vw, 720px\" \/><\/a><\/figure><div class=\"elementor-image-box-content\"><h3 class=\"elementor-image-box-title\"><a href=\"https:\/\/hotairballoonagadir.com\/private-flight\/\">Vol priv\u00e9 en montgolfi\u00e8re<\/a><\/h3><\/div><\/div>\t\t\t\t<\/div>\n\t\t\t\t<\/div>\n\t\t\t\t\t<\/div>\n\t\t<\/div>\n\t\t\t\t\t<\/div>\n\t\t<\/section>\n\t\t\t\t\t<\/div>\n\t\t<\/div>\n\t\t\t\t\t<\/div>\n\t\t<\/section>\n\t\t\t\t<\/div>","protected":false},"excerpt":{"rendered":"<p>About Us Agadir Ballooning Adventure Over the years, we have grown from a humble beginning into a thriving hot air ballooning adventure company in Agadir, earning the trust and loyalty of our valued customers. We\u2019ve had the privilege of flying thousands of passengers, each one creating unforgettable memories soaring over stunning landscapes. Our skilled pilots [&hellip;]<\/p>\n","protected":false},"author":1,"featured_media":0,"parent":0,"menu_order":0,"comment_status":"closed","ping_status":"closed","template":"","meta":{"footnotes":""},"class_list":["post-94","page","type-page","status-publish","hentry"],"_links":{"self":[{"href":"https:\/\/hotairballoonagadir.com\/fr\/wp-json\/wp\/v2\/pages\/94","targetHints":{"allow":["GET"]}}],"collection":[{"href":"https:\/\/hotairballoonagadir.com\/fr\/wp-json\/wp\/v2\/pages"}],"about":[{"href":"https:\/\/hotairballoonagadir.com\/fr\/wp-json\/wp\/v2\/types\/page"}],"author":[{"embeddable":true,"href":"https:\/\/hotairballoonagadir.com\/fr\/wp-json\/wp\/v2\/users\/1"}],"replies":[{"embeddable":true,"href":"https:\/\/hotairballoonagadir.com\/fr\/wp-json\/wp\/v2\/comments?post=94"}],"version-history":[{"count":10,"href":"https:\/\/hotairballoonagadir.com\/fr\/wp-json\/wp\/v2\/pages\/94\/revisions"}],"predecessor-version":[{"id":347,"href":"https:\/\/hotairballoonagadir.com\/fr\/wp-json\/wp\/v2\/pages\/94\/revisions\/347"}],"wp:attachment":[{"href":"https:\/\/hotairballoonagadir.com\/fr\/wp-json\/wp\/v2\/media?parent=94"}],"curies":[{"name":"wp","href":"https:\/\/api.w.org\/{rel}","templated":true}]}}