{"id":571,"date":"2025-02-23T17:53:22","date_gmt":"2025-02-23T17:53:22","guid":{"rendered":"https:\/\/hotairballoonagadir.com\/?page_id=571"},"modified":"2025-07-12T14:16:20","modified_gmt":"2025-07-12T14:16:20","slug":"proposition","status":"publish","type":"page","link":"https:\/\/hotairballoonagadir.com\/fr\/exclusive\/proposal-2\/","title":{"rendered":"Proposition"},"content":{"rendered":"<div data-elementor-type=\"wp-page\" data-elementor-id=\"571\" class=\"elementor elementor-571\" data-elementor-post-type=\"page\">\n\t\t\t\t\t\t<section class=\"elementor-section elementor-top-section elementor-element elementor-element-11a95357 elementor-section-boxed elementor-section-height-default elementor-section-height-default\" data-id=\"11a95357\" data-element_type=\"section\" data-e-type=\"section\" data-settings=\"{&quot;background_background&quot;:&quot;classic&quot;}\">\n\t\t\t\t\t\t\t<div class=\"elementor-background-overlay\"><\/div>\n\t\t\t\t\t\t\t<div class=\"elementor-container elementor-column-gap-default\">\n\t\t\t\t\t<div class=\"elementor-column elementor-col-100 elementor-top-column elementor-element elementor-element-29d4b2ee\" data-id=\"29d4b2ee\" data-element_type=\"column\" data-e-type=\"column\">\n\t\t\t<div class=\"elementor-widget-wrap elementor-element-populated\">\n\t\t\t\t\t\t<div class=\"elementor-element elementor-element-562f09c3 de_scroll_animation_no elementor-widget elementor-widget-heading\" data-id=\"562f09c3\" data-element_type=\"widget\" data-e-type=\"widget\" data-widget_type=\"heading.default\">\n\t\t\t\t<div class=\"elementor-widget-container\">\n\t\t\t\t\t<h1 class=\"elementor-heading-title elementor-size-default\">Proposition - Montgolfi\u00e8re \u00e0 Agadir<\/h1>\t\t\t\t<\/div>\n\t\t\t\t<\/div>\n\t\t\t\t\t<\/div>\n\t\t<\/div>\n\t\t\t\t\t<\/div>\n\t\t<\/section>\n\t\t\t\t<section class=\"elementor-section elementor-top-section elementor-element elementor-element-22e7ea4b elementor-section-boxed elementor-section-height-default elementor-section-height-default\" data-id=\"22e7ea4b\" data-element_type=\"section\" data-e-type=\"section\">\n\t\t\t\t\t\t<div class=\"elementor-container elementor-column-gap-default\">\n\t\t\t\t\t<div class=\"elementor-column elementor-col-100 elementor-top-column elementor-element elementor-element-53f118\" data-id=\"53f118\" data-element_type=\"column\" data-e-type=\"column\">\n\t\t\t<div class=\"elementor-widget-wrap elementor-element-populated\">\n\t\t\t\t\t\t<div class=\"elementor-element elementor-element-a1ada19 de_scroll_animation_no elementor-widget elementor-widget-text-editor\" data-id=\"a1ada19\" data-element_type=\"widget\" data-e-type=\"widget\" data-widget_type=\"text-editor.default\">\n\t\t\t\t<div class=\"elementor-widget-container\">\n\t\t\t\t\t\t\t\t\t<p><a href=\"https:\/\/hotairballoonagadir.com\/\">Aventure en montgolfi\u00e8re \u00e0 Agadir<\/a> &gt; <a href=\"https:\/\/hotairballoonagadir.com\/exclusive\">Exclusif<\/a> &gt; <strong>Proposition<\/strong><\/p>\t\t\t\t\t\t\t\t<\/div>\n\t\t\t\t<\/div>\n\t\t\t\t<div class=\"elementor-element elementor-element-7e278ad9 elementor-widget-divider--view-line de_scroll_animation_no elementor-widget elementor-widget-divider\" data-id=\"7e278ad9\" data-element_type=\"widget\" data-e-type=\"widget\" data-widget_type=\"divider.default\">\n\t\t\t\t<div class=\"elementor-widget-container\">\n\t\t\t\t\t\t\t<div class=\"elementor-divider\">\n\t\t\t<span class=\"elementor-divider-separator\">\n\t\t\t\t\t\t<\/span>\n\t\t<\/div>\n\t\t\t\t\t\t<\/div>\n\t\t\t\t<\/div>\n\t\t\t\t<div class=\"elementor-element elementor-element-2789ccea de_scroll_animation_no elementor-widget elementor-widget-text-editor\" data-id=\"2789ccea\" data-element_type=\"widget\" data-e-type=\"widget\" data-widget_type=\"text-editor.default\">\n\t\t\t\t<div class=\"elementor-widget-container\">\n\t\t\t\t\t\t\t\t\t<p data-start=\"75\" data-end=\"276\">Vous avez trouv\u00e9 la personne sp\u00e9ciale avec laquelle vous voulez passer votre vie. Maintenant, comment allez-vous lui poser la question ? \u00catre amoureux, c'est comme flotter dans l'air, mais planifier la demande en mariage parfaite peut s'av\u00e9rer \u00e9prouvant pour les nerfs !<\/p><p data-start=\"278\" data-end=\"613\">La montgolfi\u00e8re est une exp\u00e9rience magique, mais combien de personnes peuvent dire qu'elles se sont fianc\u00e9es dans une montgolfi\u00e8re ? Imaginez que vous survolez les paysages \u00e9poustouflants d'Agadir au lever du soleil, entour\u00e9 de dunes dor\u00e9es et d'horizons sans fin. Au fur et \u00e0 mesure que le monde s'\u00e9loigne, vous vivrez le moment parfait et intime pour poser la question la plus importante de votre vie.<\/p><p data-start=\"615\" data-end=\"918\" data-is-last-node=\"\" data-is-only-node=\"\">Au <strong data-start=\"618\" data-end=\"649\">Aventure en montgolfi\u00e8re \u00e0 Agadir<\/strong>, Nos pilotes experts vous aideront \u00e0 planifier votre voyage. <strong data-start=\"690\" data-end=\"722\">surprenant et inoubliable<\/strong> proposition. Du lieu de d\u00e9collage au lieu d'atterrissage, chaque vol est unique, tout comme votre histoire d'amour. Laissez-nous faire de vos fian\u00e7ailles un <strong data-start=\"861\" data-end=\"889\">une exp\u00e9rience extraordinaire<\/strong> que vous ch\u00e9rirez \u00e0 jamais !<\/p>\t\t\t\t\t\t\t\t<\/div>\n\t\t\t\t<\/div>\n\t\t\t\t<div class=\"elementor-element elementor-element-611aff8 de_scroll_animation_no elementor-widget elementor-widget-heading\" data-id=\"611aff8\" data-element_type=\"widget\" data-e-type=\"widget\" data-widget_type=\"heading.default\">\n\t\t\t\t<div class=\"elementor-widget-container\">\n\t\t\t\t\t<h2 class=\"elementor-heading-title elementor-size-default\">Une demande en mariage aussi unique que votre amour - Aventure en montgolfi\u00e8re \u00e0 Agadir\n<\/h2>\t\t\t\t<\/div>\n\t\t\t\t<\/div>\n\t\t\t\t<div class=\"elementor-element elementor-element-9a1d1e5 de_scroll_animation_no elementor-widget elementor-widget-text-editor\" data-id=\"9a1d1e5\" data-element_type=\"widget\" data-e-type=\"widget\" data-widget_type=\"text-editor.default\">\n\t\t\t\t<div class=\"elementor-widget-container\">\n\t\t\t\t\t\t\t\t\t<p data-start=\"79\" data-end=\"336\">Si vous \u00eates pr\u00eat \u00e0 poser la question, pourquoi ne pas en faire un moment dont vous vous souviendrez tous les deux pour toujours ? <strong data-start=\"171\" data-end=\"202\">Aventure en montgolfi\u00e8re \u00e0 Agadir<\/strong> offre le cadre id\u00e9al pour une demande en mariage vraiment magique, flottant au-dessus des paysages \u00e9poustouflants d'Agadir au moment o\u00f9 le soleil se l\u00e8ve.<\/p><p data-start=\"338\" data-end=\"763\">Imaginez un peu : Vous et votre partenaire d\u00e9rivant doucement sur des dunes dor\u00e9es et des vall\u00e9es ondulantes, avec l'Atlantique qui s'\u00e9tend \u00e0 perte de vue devant vous. Le monde s'estompe, le temps ralentit et vous n'\u00eates plus que tous les deux, partageant une exp\u00e9rience intime et unique. Alors que le moment vous semble parfait, vous posez la question la plus importante de votre vie <strong data-start=\"689\" data-end=\"761\">une proposition qui ne ressemble \u00e0 aucune autre, entour\u00e9e de beaut\u00e9 pure et de s\u00e9r\u00e9nit\u00e9.<\/strong><\/p><p data-start=\"765\" data-end=\"1019\">Et parce que ce moment m\u00e9rite d'\u00eatre c\u00e9l\u00e9br\u00e9, nous ferons en sorte que l'exp\u00e9rience soit particuli\u00e8rement sp\u00e9ciale. Qu'il s'agisse d'un <strong data-start=\"880\" data-end=\"912\">toast au champagne \u00e0 l'atterrissage<\/strong> ou une petite surprise pour marquer l'occasion, nous vous aiderons \u00e0 rendre vos fian\u00e7ailles aussi uniques que votre histoire d'amour.<\/p><p data-start=\"1021\" data-end=\"1254\" data-is-last-node=\"\" data-is-only-node=\"\">Si vous \u00eates \u00e0 la recherche d'une proposition qui est <strong data-start=\"1061\" data-end=\"1117\">romantique, \u00e0 couper le souffle et totalement inoubliable<\/strong>, soit <strong data-start=\"1123\" data-end=\"1154\">Aventure en montgolfi\u00e8re \u00e0 Agadir<\/strong> transformez votre r\u00eave en r\u00e9alit\u00e9. Apr\u00e8s tout, l'amour est une question d'aventure, alors pourquoi ne pas commencer la v\u00f4tre dans le ciel ?<\/p>\t\t\t\t\t\t\t\t<\/div>\n\t\t\t\t<\/div>\n\t\t\t\t<div class=\"elementor-element elementor-element-d500498 de_scroll_animation_no elementor-widget elementor-widget-heading\" data-id=\"d500498\" data-element_type=\"widget\" data-e-type=\"widget\" data-widget_type=\"heading.default\">\n\t\t\t\t<div class=\"elementor-widget-container\">\n\t\t\t\t\t<h2 class=\"elementor-heading-title elementor-size-default\">Ce que vous obtenez avec une aventure en montgolfi\u00e8re \u00e0 la Quintessence d'Agadir\n<\/h2>\t\t\t\t<\/div>\n\t\t\t\t<\/div>\n\t\t\t\t<div class=\"elementor-element elementor-element-ed42e26 de_scroll_animation_no elementor-widget elementor-widget-text-editor\" data-id=\"ed42e26\" data-element_type=\"widget\" data-e-type=\"widget\" data-widget_type=\"text-editor.default\">\n\t\t\t\t<div class=\"elementor-widget-container\">\n\t\t\t\t\t\t\t\t\t<p data-start=\"68\" data-end=\"212\">\u2728 <strong data-start=\"70\" data-end=\"92\">Des vues \u00e0 couper le souffle<\/strong> - Envolez-vous au-dessus des paysages \u00e9poustouflants d'Agadir, o\u00f9 les dunes dor\u00e9es et les horizons infinis cr\u00e9ent un d\u00e9cor parfait.<\/p><p data-start=\"214\" data-end=\"336\">\u2601\ufe0f <strong data-start=\"217\" data-end=\"242\">S\u00e9r\u00e9nit\u00e9 dans le ciel<\/strong> - Flotter sans effort dans la brise du matin, embrasser le silence paisible du ciel ouvert.<\/p><p data-start=\"338\" data-end=\"469\">\ud83d\udc96 <strong data-start=\"341\" data-end=\"364\">Exp\u00e9rience romantique<\/strong> - Partagez un moment intime et unique avec votre bien-aim\u00e9(e), entour\u00e9(e) d'une beaut\u00e9 \u00e0 couper le souffle.<\/p><p data-start=\"471\" data-end=\"588\">\ud83c\udf88 <strong data-start=\"474\" data-end=\"497\">Une aventure m\u00e9morable<\/strong> - Rendez votre anniversaire inoubliable gr\u00e2ce \u00e0 un voyage extraordinaire qui sort de l'ordinaire.<\/p><p data-start=\"590\" data-end=\"698\">\u23f3 <strong data-start=\"592\" data-end=\"617\">Du temps de qualit\u00e9 ensemble<\/strong> - D\u00e9connectez-vous du monde d'en bas et reconnectez-vous dans une \u00e9chapp\u00e9e magique et flottante.<\/p><p data-start=\"700\" data-end=\"817\">\u2714\ufe0f <strong data-start=\"703\" data-end=\"725\">Moment privil\u00e9gi\u00e9<\/strong> - Faites une croix sur cette aventure de r\u00eave et c\u00e9l\u00e9brez l'amour de la mani\u00e8re la plus spectaculaire qui soit !<\/p><p data-start=\"819\" data-end=\"892\" data-is-last-node=\"\" data-is-only-node=\"\">Laisser <strong data-start=\"823\" data-end=\"854\">Aventure en montgolfi\u00e8re \u00e0 Agadir<\/strong> votre anniversaire atteint de nouveaux sommets !<\/p>\t\t\t\t\t\t\t\t<\/div>\n\t\t\t\t<\/div>\n\t\t\t\t<div class=\"elementor-element elementor-element-79f3d7d de_scroll_animation_no elementor-widget elementor-widget-heading\" data-id=\"79f3d7d\" data-element_type=\"widget\" data-e-type=\"widget\" data-widget_type=\"heading.default\">\n\t\t\t\t<div class=\"elementor-widget-container\">\n\t\t\t\t\t<h2 class=\"elementor-heading-title elementor-size-default\">D'o\u00f9 puis-je prendre l'avion ?\n<\/h2>\t\t\t\t<\/div>\n\t\t\t\t<\/div>\n\t\t\t\t<div class=\"elementor-element elementor-element-6f831a5 de_scroll_animation_no elementor-widget elementor-widget-text-editor\" data-id=\"6f831a5\" data-element_type=\"widget\" data-e-type=\"widget\" data-widget_type=\"text-editor.default\">\n\t\t\t\t<div class=\"elementor-widget-container\">\n\t\t\t\t\t\t\t\t\t<p data-start=\"66\" data-end=\"442\">Avec <strong data-start=\"71\" data-end=\"102\">Aventure en montgolfi\u00e8re \u00e0 Agadir<\/strong>, votre voyage commence juste \u00e0 l'ext\u00e9rieur <strong data-start=\"137\" data-end=\"147\">Agadir<\/strong>, Notre site de d\u00e9collage est soigneusement s\u00e9lectionn\u00e9 pour offrir la meilleure exp\u00e9rience de vol possible, en s'assurant que le vol se d\u00e9roule dans les meilleures conditions possibles. Notre site de d\u00e9collage est soigneusement s\u00e9lectionn\u00e9 pour offrir la meilleure exp\u00e9rience de vol possible, en vous assurant que vous obtenez <strong data-start=\"348\" data-end=\"370\">vue d\u00e9gag\u00e9e<\/strong> du d\u00e9sert dor\u00e9, des collines ondulantes et du vaste littoral atlantique.<\/p><p data-start=\"444\" data-end=\"694\">Nos vols d\u00e9collent g\u00e9n\u00e9ralement de <strong data-start=\"480\" data-end=\"507\">la p\u00e9riph\u00e9rie d'Agadir<\/strong>, Le site de lancement est situ\u00e9 dans une zone paisible et pittoresque, \u00e0 l'\u00e9cart de l'agitation de la ville. Le lieu exact du lancement peut varier en fonction de <strong data-start=\"623\" data-end=\"645\">les conditions m\u00e9t\u00e9orologiques<\/strong> pour que l'exp\u00e9rience soit la plus agr\u00e9able et la plus s\u00fbre possible.<\/p><p data-start=\"696\" data-end=\"922\">Apr\u00e8s la r\u00e9servation, nous vous fournirons tous les d\u00e9tails n\u00e9cessaires, y compris le point de rencontre et les modalit\u00e9s de prise en charge. Nous proposons \u00e9galement <strong data-start=\"830\" data-end=\"868\">services de prise en charge et de d\u00e9pose \u00e0 l'h\u00f4tel<\/strong> \u00e0 Agadir pour une aventure sans faille et sans stress.<\/p><p data-start=\"924\" data-end=\"1059\" data-is-last-node=\"\" data-is-only-node=\"\">Quel que soit l'endroit o\u00f9 nous d\u00e9collons, une chose est s\u00fbre : votre vol en montgolfi\u00e8re au-dessus d'Agadir sera une exp\u00e9rience que vous n'oublierez jamais ! \ud83d\ude80<\/p>\t\t\t\t\t\t\t\t<\/div>\n\t\t\t\t<\/div>\n\t\t\t\t<div class=\"elementor-element elementor-element-7570ba1 de_scroll_animation_no elementor-widget elementor-widget-heading\" data-id=\"7570ba1\" data-element_type=\"widget\" data-e-type=\"widget\" data-widget_type=\"heading.default\">\n\t\t\t\t<div class=\"elementor-widget-container\">\n\t\t\t\t\t<h2 class=\"elementor-heading-title elementor-size-default\">Combien co\u00fbte un vol en montgolfi\u00e8re ?\n<\/h2>\t\t\t\t<\/div>\n\t\t\t\t<\/div>\n\t\t\t\t<div class=\"elementor-element elementor-element-ad3b1b3 de_scroll_animation_no elementor-widget elementor-widget-html\" data-id=\"ad3b1b3\" data-element_type=\"widget\" data-e-type=\"widget\" data-widget_type=\"html.default\">\n\t\t\t\t<div class=\"elementor-widget-container\">\n\t\t\t\t\t<!DOCTYPE html>\r\n<html lang=\"en\">\r\n<head>\r\n    <meta charset=\"UTF-8\">\r\n    <meta name=\"viewport\" content=\"width=device-width, initial-scale=1.0\">\r\n    <title>Aventure en montgolfi\u00e8re \u00e0 Agadir - Tarifs<\/title>\r\n    <style>\r\n        body {\r\n            font-family: Arial, sans-serif;\r\n            background-color: #f4f4f4;\r\n            margin: 0;\r\n            padding: 0px;\r\n        }\r\n        .pricing-container {\r\n            max-width: 900px;\r\n            margin: auto;\r\n            background: white;\r\n            padding: 20px;\r\n            border-radius: 10px;\r\n            box-shadow: 0 0 10px rgba(0, 0, 0, 0.1);\r\n        }\r\n        h2 {\r\n            text-align: center;\r\n            color: #333;\r\n        }\r\n        .package {\r\n            background: #fffaf0;\r\n            padding: 20px;\r\n            margin-bottom: 20px;\r\n            border-radius: 10px;\r\n            border-left: 5px solid #ff8c00;\r\n        }\r\n        .package h3 {\r\n            margin: 0;\r\n            color: #ff6600;\r\n        }\r\n        .details {\r\n            margin: 10px 0;\r\n        }\r\n        .details ul {\r\n            padding-left: 20px;\r\n        }\r\n        .price {\r\n            font-size: 24px;\r\n            font-weight: bold;\r\n            color: #d62828;\r\n            margin: 10px 0;\r\n        }\r\n        .btn {\r\n            display: inline-block;\r\n            padding: 12px 18px;\r\n            background-color: #6a0dad;\r\n            color: white;\r\n            text-decoration: none;\r\n            border-radius: 5px;\r\n            text-align: center;\r\n            font-size: 16px;\r\n        }\r\n        .btn:hover {\r\n            background-color: #4b0082;\r\n        }\r\n    <\/style>\r\n<\/head>\r\n<body>\r\n\r\n<div class=\"pricing-container\">\r\n\r\n    <div class=\"package\">\r\n        <h3>Matin en semaine (lundi - vendredi)<\/h3>\r\n        <div class=\"details\">\r\n            <ul>\r\n                <li>Exp\u00e9rience de 3 \u00e0 4 heures, dont environ une heure dans les airs<\/li>\r\n                <li>Bon ouvert - choisissez votre date de vol<\/li>\r\n                <li>Voler \u00e0 partir de l'un de nos sites dans tout le pays<\/li>\r\n                <li>18 mois pour r\u00e9server<\/li>\r\n                <li>\u00c9changeable* (*Certaines conditions s'appliquent)<\/li>\r\n                <li>Non remboursable<\/li>\r\n            <\/ul>\r\n        <\/div>\r\n        <p class=\"price\">119 \u20ac par personne<\/p>\r\n        <a href=\"https:\/\/www.viator.com\/fr-FR\/tours\/Agadir\/Enjoy-Hot-Air-Balloon-Over-Red-City-Of-Marrakech\/d4383-111051P1?pid=P00239066&amp;mcid=42383&amp;medium=link&amp;campaign=Hot-air-balloon-agadir\" class=\"btn\" rel=\"nofollow noopener\" target=\"_blank\">R\u00e9server<\/a>\r\n    <\/div>\r\n\r\n    <div class=\"package\">\r\n        <h3>Matin ou soir en semaine (du lundi au vendredi)<\/h3>\r\n        <div class=\"details\">\r\n            <ul>\r\n                <li>Exp\u00e9rience de 3 \u00e0 4 heures, dont environ une heure dans les airs<\/li>\r\n                <li>Bon ouvert - choisissez votre date de vol<\/li>\r\n                <li>Voler \u00e0 partir de l'un de nos sites dans tout le pays<\/li>\r\n                <li>18 mois pour r\u00e9server<\/li>\r\n                <li>\u00c9changeable* (*Certaines conditions s'appliquent)<\/li>\r\n                <li>Non remboursable<\/li>\r\n            <\/ul>\r\n        <\/div>\r\n        <p class=\"price\">119 \u20ac par personne<\/p>\r\n        <a href=\"https:\/\/www.viator.com\/fr-FR\/tours\/Agadir\/Enjoy-Hot-Air-Balloon-Over-Red-City-Of-Marrakech\/d4383-111051P1?pid=P00239066&amp;mcid=42383&amp;medium=link&amp;campaign=Hot-air-balloon-agadir\" class=\"btn\" rel=\"nofollow noopener\" target=\"_blank\">R\u00e9server<\/a>\r\n    <\/div>\r\n\r\n    <div class=\"package\">\r\n        <h3>N'importe quel jour, le matin ou le soir (du lundi au dimanche)<\/h3>\r\n        <div class=\"details\">\r\n            <ul>\r\n                <li>Exp\u00e9rience de 3 \u00e0 4 heures, dont environ une heure dans les airs<\/li>\r\n                <li>Bon ouvert - choisissez votre date de vol<\/li>\r\n                <li>Voler \u00e0 partir de l'un de nos sites dans tout le pays<\/li>\r\n                <li>18 mois pour r\u00e9server<\/li>\r\n                <li>\u00c9changeable* (*Certaines conditions s'appliquent)<\/li>\r\n                <li>Non remboursable<\/li>\r\n                <li><strong>Remboursement en cas de mauvais temps - Report ou remboursement en cas de mauvais temps<\/strong><\/li>\r\n            <\/ul>\r\n        <\/div>\r\n        <p class=\"price\">119 \u20ac par personne<\/p>\r\n        <a href=\"https:\/\/www.viator.com\/fr-FR\/tours\/Agadir\/Enjoy-Hot-Air-Balloon-Over-Red-City-Of-Marrakech\/d4383-111051P1?pid=P00239066&amp;mcid=42383&amp;medium=link&amp;campaign=Hot-air-balloon-agadir\" class=\"btn\" rel=\"nofollow noopener\" target=\"_blank\">R\u00e9server<\/a>\r\n    <\/div>\r\n<\/div>\r\n\r\n<\/body>\r\n<\/html>\r\n\t\t\t\t<\/div>\n\t\t\t\t<\/div>\n\t\t\t\t\t<\/div>\n\t\t<\/div>\n\t\t\t\t\t<\/div>\n\t\t<\/section>\n\t\t\t\t<\/div>","protected":false},"excerpt":{"rendered":"<p>Proposal &#8211; Hot Air Balloon in Agadir Agadir Ballooning Adventure &gt; Exclusive &gt; Proposal You\u2019ve found that special someone you want to spend forever with\u2014now, how will you pop the question? Being in love feels like floating on air, but planning the perfect proposal can be nerve-wracking! Hot air ballooning is a magical experience, but [&hellip;]<\/p>\n","protected":false},"author":1,"featured_media":514,"parent":511,"menu_order":0,"comment_status":"closed","ping_status":"closed","template":"","meta":{"footnotes":""},"class_list":["post-571","page","type-page","status-publish","has-post-thumbnail","hentry"],"_links":{"self":[{"href":"https:\/\/hotairballoonagadir.com\/fr\/wp-json\/wp\/v2\/pages\/571","targetHints":{"allow":["GET"]}}],"collection":[{"href":"https:\/\/hotairballoonagadir.com\/fr\/wp-json\/wp\/v2\/pages"}],"about":[{"href":"https:\/\/hotairballoonagadir.com\/fr\/wp-json\/wp\/v2\/types\/page"}],"author":[{"embeddable":true,"href":"https:\/\/hotairballoonagadir.com\/fr\/wp-json\/wp\/v2\/users\/1"}],"replies":[{"embeddable":true,"href":"https:\/\/hotairballoonagadir.com\/fr\/wp-json\/wp\/v2\/comments?post=571"}],"version-history":[{"count":18,"href":"https:\/\/hotairballoonagadir.com\/fr\/wp-json\/wp\/v2\/pages\/571\/revisions"}],"predecessor-version":[{"id":752,"href":"https:\/\/hotairballoonagadir.com\/fr\/wp-json\/wp\/v2\/pages\/571\/revisions\/752"}],"up":[{"embeddable":true,"href":"https:\/\/hotairballoonagadir.com\/fr\/wp-json\/wp\/v2\/pages\/511"}],"wp:featuredmedia":[{"embeddable":true,"href":"https:\/\/hotairballoonagadir.com\/fr\/wp-json\/wp\/v2\/media\/514"}],"wp:attachment":[{"href":"https:\/\/hotairballoonagadir.com\/fr\/wp-json\/wp\/v2\/media?parent=571"}],"curies":[{"name":"wp","href":"https:\/\/api.w.org\/{rel}","templated":true}]}}