{"id":563,"date":"2025-02-23T17:39:50","date_gmt":"2025-02-23T17:39:50","guid":{"rendered":"https:\/\/hotairballoonagadir.com\/?page_id=563"},"modified":"2025-07-12T14:03:42","modified_gmt":"2025-07-12T14:03:42","slug":"anniversaire-2","status":"publish","type":"page","link":"https:\/\/hotairballoonagadir.com\/fr\/exclusive\/birthday\/","title":{"rendered":"Anniversaire"},"content":{"rendered":"<div data-elementor-type=\"wp-page\" data-elementor-id=\"563\" class=\"elementor elementor-563\" data-elementor-post-type=\"page\">\n\t\t\t\t\t\t<section class=\"elementor-section elementor-top-section elementor-element elementor-element-11a95357 elementor-section-boxed elementor-section-height-default elementor-section-height-default\" data-id=\"11a95357\" data-element_type=\"section\" data-e-type=\"section\" data-settings=\"{&quot;background_background&quot;:&quot;classic&quot;}\">\n\t\t\t\t\t\t\t<div class=\"elementor-background-overlay\"><\/div>\n\t\t\t\t\t\t\t<div class=\"elementor-container elementor-column-gap-default\">\n\t\t\t\t\t<div class=\"elementor-column elementor-col-100 elementor-top-column elementor-element elementor-element-29d4b2ee\" data-id=\"29d4b2ee\" data-element_type=\"column\" data-e-type=\"column\">\n\t\t\t<div class=\"elementor-widget-wrap elementor-element-populated\">\n\t\t\t\t\t\t<div class=\"elementor-element elementor-element-562f09c3 de_scroll_animation_no elementor-widget elementor-widget-heading\" data-id=\"562f09c3\" data-element_type=\"widget\" data-e-type=\"widget\" data-widget_type=\"heading.default\">\n\t\t\t\t<div class=\"elementor-widget-container\">\n\t\t\t\t\t<h1 class=\"elementor-heading-title elementor-size-default\">Un cadeau d'anniversaire unique \n<\/h1>\t\t\t\t<\/div>\n\t\t\t\t<\/div>\n\t\t\t\t\t<\/div>\n\t\t<\/div>\n\t\t\t\t\t<\/div>\n\t\t<\/section>\n\t\t\t\t<section class=\"elementor-section elementor-top-section elementor-element elementor-element-22e7ea4b elementor-section-boxed elementor-section-height-default elementor-section-height-default\" data-id=\"22e7ea4b\" data-element_type=\"section\" data-e-type=\"section\">\n\t\t\t\t\t\t<div class=\"elementor-container elementor-column-gap-default\">\n\t\t\t\t\t<div class=\"elementor-column elementor-col-100 elementor-top-column elementor-element elementor-element-53f118\" data-id=\"53f118\" data-element_type=\"column\" data-e-type=\"column\">\n\t\t\t<div class=\"elementor-widget-wrap elementor-element-populated\">\n\t\t\t\t\t\t<div class=\"elementor-element elementor-element-a1ada19 de_scroll_animation_no elementor-widget elementor-widget-text-editor\" data-id=\"a1ada19\" data-element_type=\"widget\" data-e-type=\"widget\" data-widget_type=\"text-editor.default\">\n\t\t\t\t<div class=\"elementor-widget-container\">\n\t\t\t\t\t\t\t\t\t<p><a href=\"https:\/\/hotairballoonagadir.com\/\">Aventure en montgolfi\u00e8re \u00e0 Agadir<\/a> &gt; <a href=\"https:\/\/hotairballoonagadir.com\/exclusive\">Exclusif<\/a> &gt; <strong>Anniversaire<\/strong><\/p>\t\t\t\t\t\t\t\t<\/div>\n\t\t\t\t<\/div>\n\t\t\t\t<div class=\"elementor-element elementor-element-7e278ad9 elementor-widget-divider--view-line de_scroll_animation_no elementor-widget elementor-widget-divider\" data-id=\"7e278ad9\" data-element_type=\"widget\" data-e-type=\"widget\" data-widget_type=\"divider.default\">\n\t\t\t\t<div class=\"elementor-widget-container\">\n\t\t\t\t\t\t\t<div class=\"elementor-divider\">\n\t\t\t<span class=\"elementor-divider-separator\">\n\t\t\t\t\t\t<\/span>\n\t\t<\/div>\n\t\t\t\t\t\t<\/div>\n\t\t\t\t<\/div>\n\t\t\t\t<div class=\"elementor-element elementor-element-2789ccea de_scroll_animation_no elementor-widget elementor-widget-text-editor\" data-id=\"2789ccea\" data-element_type=\"widget\" data-e-type=\"widget\" data-widget_type=\"text-editor.default\">\n\t\t\t\t<div class=\"elementor-widget-container\">\n\t\t\t\t\t\t\t\t\t<p data-start=\"76\" data-end=\"207\">Marquez votre journ\u00e9e sp\u00e9ciale de la mani\u00e8re la plus inoubliable qui soit, en survolant les paysages \u00e9poustouflants d'Agadir \u00e0 bord d'un h\u00e9licopt\u00e8re. <strong data-start=\"185\" data-end=\"204\">montgolfi\u00e8re<\/strong>!<\/p><p data-start=\"209\" data-end=\"462\">Vivez l'exp\u00e9rience de flotter paisiblement dans le ciel alors que le soleil se l\u00e8ve sur le d\u00e9sert dor\u00e9. Apr\u00e8s votre vol panoramique, profitez d'un <strong data-start=\"340\" data-end=\"369\">g\u00e2teau d'anniversaire<\/strong> pr\u00e9par\u00e9s pour vous, partag\u00e9s avec vos compagnons de voyage dans une ambiance chaleureuse et joyeuse.<\/p><p data-start=\"464\" data-end=\"687\" data-is-last-node=\"\" data-is-only-node=\"\">Qu'il s'agisse d'une c\u00e9l\u00e9bration intime ou d'une aventure en groupe, une <strong data-start=\"525\" data-end=\"549\">vol en montgolfi\u00e8re<\/strong> est une exp\u00e9rience d'anniversaire vraiment unique et m\u00e9morable. Faites de votre prochain anniversaire un moment inoubliable avec <strong data-start=\"655\" data-end=\"686\">Aventure en montgolfi\u00e8re \u00e0 Agadir<\/strong><\/p>\t\t\t\t\t\t\t\t<\/div>\n\t\t\t\t<\/div>\n\t\t\t\t<div class=\"elementor-element elementor-element-611aff8 de_scroll_animation_no elementor-widget elementor-widget-heading\" data-id=\"611aff8\" data-element_type=\"widget\" data-e-type=\"widget\" data-widget_type=\"heading.default\">\n\t\t\t\t<div class=\"elementor-widget-container\">\n\t\t\t\t\t<h2 class=\"elementor-heading-title elementor-size-default\">C\u00e9l\u00e9brez votre anniversaire dans le ciel avec Agadir Ballooning Adventure !\n<\/h2>\t\t\t\t<\/div>\n\t\t\t\t<\/div>\n\t\t\t\t<div class=\"elementor-element elementor-element-9a1d1e5 de_scroll_animation_no elementor-widget elementor-widget-text-editor\" data-id=\"9a1d1e5\" data-element_type=\"widget\" data-e-type=\"widget\" data-widget_type=\"text-editor.default\">\n\t\t\t\t<div class=\"elementor-widget-container\">\n\t\t\t\t\t\t\t\t\t<p data-start=\"76\" data-end=\"339\">Pourquoi se contenter d'un anniversaire ordinaire quand on peut s'envoler dans le ciel avec <strong data-start=\"151\" data-end=\"182\">Aventure en montgolfi\u00e8re \u00e0 Agadir<\/strong>? Que vous c\u00e9l\u00e9briez un nouveau voyage autour du soleil ou une ann\u00e9e importante, rien n'est comparable \u00e0 la magie de flotter au-dessus des paysages \u00e9poustouflants d'Agadir.<\/p><p data-start=\"341\" data-end=\"626\">Imaginez que vous d\u00e9rivez doucement au-dessus des dunes dor\u00e9es, des vall\u00e9es luxuriantes et du vaste littoral atlantique. Au fur et \u00e0 mesure que le monde s'\u00e9loigne, vous sentirez le temps ralentir et vous profiterez de la tranquillit\u00e9 et de la beaut\u00e9 que seule une montgolfi\u00e8re peut offrir. C'est l'occasion de se faire des souvenirs qui dureront toute une vie.<\/p><p data-start=\"628\" data-end=\"800\">Et parce que votre anniversaire doit \u00eatre aussi sp\u00e9cial que vous l'\u00eates, nous vous offrirons m\u00eame une <strong data-start=\"713\" data-end=\"743\">g\u00e2teau d'anniversaire personnalis\u00e9<\/strong>, La visite de l'a\u00e9roport est l'occasion de partager avec vos compagnons d'aventure un moment de d\u00e9tente apr\u00e8s le vol.<\/p><p data-start=\"802\" data-end=\"993\" data-is-last-node=\"\" data-is-only-node=\"\">Si vous souhaitez vivre une exp\u00e9rience hors du commun, laissez-nous vous aider. <strong data-start=\"864\" data-end=\"895\">Aventure en montgolfi\u00e8re \u00e0 Agadir<\/strong> Faites de votre anniversaire un moment inoubliable : une aventure, une f\u00eate et une histoire que vous ch\u00e9rirez \u00e0 jamais.<\/p>\t\t\t\t\t\t\t\t<\/div>\n\t\t\t\t<\/div>\n\t\t\t\t<div class=\"elementor-element elementor-element-d500498 de_scroll_animation_no elementor-widget elementor-widget-heading\" data-id=\"d500498\" data-element_type=\"widget\" data-e-type=\"widget\" data-widget_type=\"heading.default\">\n\t\t\t\t<div class=\"elementor-widget-container\">\n\t\t\t\t\t<h2 class=\"elementor-heading-title elementor-size-default\">Ce que vous obtenez avec une aventure en montgolfi\u00e8re \u00e0 la Quintessence d'Agadir\n<\/h2>\t\t\t\t<\/div>\n\t\t\t\t<\/div>\n\t\t\t\t<div class=\"elementor-element elementor-element-ed42e26 de_scroll_animation_no elementor-widget elementor-widget-text-editor\" data-id=\"ed42e26\" data-element_type=\"widget\" data-e-type=\"widget\" data-widget_type=\"text-editor.default\">\n\t\t\t\t<div class=\"elementor-widget-container\">\n\t\t\t\t\t\t\t\t\t<p data-start=\"68\" data-end=\"212\">\u2728 <strong data-start=\"70\" data-end=\"92\">Des vues \u00e0 couper le souffle<\/strong> - Envolez-vous au-dessus des paysages \u00e9poustouflants d'Agadir, o\u00f9 les dunes dor\u00e9es et les horizons infinis cr\u00e9ent un d\u00e9cor parfait.<\/p><p data-start=\"214\" data-end=\"336\">\u2601\ufe0f <strong data-start=\"217\" data-end=\"242\">S\u00e9r\u00e9nit\u00e9 dans le ciel<\/strong> - Flotter sans effort dans la brise du matin, embrasser le silence paisible du ciel ouvert.<\/p><p data-start=\"338\" data-end=\"469\">\ud83d\udc96 <strong data-start=\"341\" data-end=\"364\">Exp\u00e9rience romantique<\/strong> - Partagez un moment intime et unique avec votre bien-aim\u00e9(e), entour\u00e9(e) d'une beaut\u00e9 \u00e0 couper le souffle.<\/p><p data-start=\"471\" data-end=\"588\">\ud83c\udf88 <strong data-start=\"474\" data-end=\"497\">Une aventure m\u00e9morable<\/strong> - Rendez votre anniversaire inoubliable gr\u00e2ce \u00e0 un voyage extraordinaire qui sort de l'ordinaire.<\/p><p data-start=\"590\" data-end=\"698\">\u23f3 <strong data-start=\"592\" data-end=\"617\">Du temps de qualit\u00e9 ensemble<\/strong> - D\u00e9connectez-vous du monde d'en bas et reconnectez-vous dans une \u00e9chapp\u00e9e magique et flottante.<\/p><p data-start=\"700\" data-end=\"817\">\u2714\ufe0f <strong data-start=\"703\" data-end=\"725\">Moment privil\u00e9gi\u00e9<\/strong> - Faites une croix sur cette aventure de r\u00eave et c\u00e9l\u00e9brez l'amour de la mani\u00e8re la plus spectaculaire qui soit !<\/p><p data-start=\"819\" data-end=\"892\" data-is-last-node=\"\" data-is-only-node=\"\">Laisser <strong data-start=\"823\" data-end=\"854\">Aventure en montgolfi\u00e8re \u00e0 Agadir<\/strong> votre anniversaire atteint de nouveaux sommets !<\/p>\t\t\t\t\t\t\t\t<\/div>\n\t\t\t\t<\/div>\n\t\t\t\t<div class=\"elementor-element elementor-element-79f3d7d de_scroll_animation_no elementor-widget elementor-widget-heading\" data-id=\"79f3d7d\" data-element_type=\"widget\" data-e-type=\"widget\" data-widget_type=\"heading.default\">\n\t\t\t\t<div class=\"elementor-widget-container\">\n\t\t\t\t\t<h2 class=\"elementor-heading-title elementor-size-default\">D'o\u00f9 puis-je prendre l'avion ?\n<\/h2>\t\t\t\t<\/div>\n\t\t\t\t<\/div>\n\t\t\t\t<div class=\"elementor-element elementor-element-6f831a5 de_scroll_animation_no elementor-widget elementor-widget-text-editor\" data-id=\"6f831a5\" data-element_type=\"widget\" data-e-type=\"widget\" data-widget_type=\"text-editor.default\">\n\t\t\t\t<div class=\"elementor-widget-container\">\n\t\t\t\t\t\t\t\t\t<p data-start=\"170\" data-end=\"469\">Au <strong data-start=\"173\" data-end=\"204\">Aventure en montgolfi\u00e8re \u00e0 Agadir<\/strong>, Nous offrons une <strong data-start=\"217\" data-end=\"261\">une exp\u00e9rience unique en montgolfi\u00e8re<\/strong> sur les paysages \u00e9poustouflants d'Agadir. Vous pourrez admirer les <strong data-start=\"314\" data-end=\"413\">des vues panoramiques sur les contreforts de l'Atlas, la campagne vallonn\u00e9e et l'interminable c\u00f4te atlantique<\/strong> en flottant doucement au-dessus des paysages \u00e9poustouflants du Maroc.<\/p><p data-start=\"471\" data-end=\"749\" data-is-last-node=\"\" data-is-only-node=\"\">Que vous soyez \u00e0 la recherche d'un <strong data-start=\"496\" data-end=\"523\">\u00e9vasion paisible au lever du soleil<\/strong> ou un <strong data-start=\"530\" data-end=\"557\">Une aventure inoubliable<\/strong>, Nos sites de lancement, soigneusement s\u00e9lectionn\u00e9s, vous garantissent les meilleurs points de vue. Choisissez la toile de fond id\u00e9ale et laissez votre <strong data-start=\"677\" data-end=\"709\">voyage en montgolfi\u00e8re \u00e0 Agadir<\/strong> sera aussi magique que votre occasion sp\u00e9ciale !<\/p>\t\t\t\t\t\t\t\t<\/div>\n\t\t\t\t<\/div>\n\t\t\t\t<div class=\"elementor-element elementor-element-7570ba1 de_scroll_animation_no elementor-widget elementor-widget-heading\" data-id=\"7570ba1\" data-element_type=\"widget\" data-e-type=\"widget\" data-widget_type=\"heading.default\">\n\t\t\t\t<div class=\"elementor-widget-container\">\n\t\t\t\t\t<h2 class=\"elementor-heading-title elementor-size-default\">Combien co\u00fbte un vol en montgolfi\u00e8re ?\n<\/h2>\t\t\t\t<\/div>\n\t\t\t\t<\/div>\n\t\t\t\t<div class=\"elementor-element elementor-element-dc188e4 de_scroll_animation_no elementor-widget elementor-widget-html\" data-id=\"dc188e4\" data-element_type=\"widget\" data-e-type=\"widget\" data-widget_type=\"html.default\">\n\t\t\t\t<div class=\"elementor-widget-container\">\n\t\t\t\t\t<!DOCTYPE html>\r\n<html lang=\"en\">\r\n<head>\r\n    <meta charset=\"UTF-8\">\r\n    <meta name=\"viewport\" content=\"width=device-width, initial-scale=1.0\">\r\n    <title>Aventure en montgolfi\u00e8re \u00e0 Agadir - Tarifs<\/title>\r\n    <style>\r\n        body {\r\n            font-family: Arial, sans-serif;\r\n            background-color: #f4f4f4;\r\n            margin: 0;\r\n            padding: 0px;\r\n        }\r\n        .pricing-container {\r\n            max-width: 900px;\r\n            margin: auto;\r\n            background: white;\r\n            padding: 20px;\r\n            border-radius: 10px;\r\n            box-shadow: 0 0 10px rgba(0, 0, 0, 0.1);\r\n        }\r\n        h2 {\r\n            text-align: center;\r\n            color: #333;\r\n        }\r\n        .package {\r\n            background: #fffaf0;\r\n            padding: 20px;\r\n            margin-bottom: 20px;\r\n            border-radius: 10px;\r\n            border-left: 5px solid #ff8c00;\r\n        }\r\n        .package h3 {\r\n            margin: 0;\r\n            color: #ff6600;\r\n        }\r\n        .details {\r\n            margin: 10px 0;\r\n        }\r\n        .details ul {\r\n            padding-left: 20px;\r\n        }\r\n        .price {\r\n            font-size: 24px;\r\n            font-weight: bold;\r\n            color: #d62828;\r\n            margin: 10px 0;\r\n        }\r\n        .btn {\r\n            display: inline-block;\r\n            padding: 12px 18px;\r\n            background-color: #6a0dad;\r\n            color: white;\r\n            text-decoration: none;\r\n            border-radius: 5px;\r\n            text-align: center;\r\n            font-size: 16px;\r\n        }\r\n        .btn:hover {\r\n            background-color: #4b0082;\r\n        }\r\n    <\/style>\r\n<\/head>\r\n<body>\r\n\r\n<div class=\"pricing-container\">\r\n\r\n    <div class=\"package\">\r\n        <h3>Matin en semaine (lundi - vendredi)<\/h3>\r\n        <div class=\"details\">\r\n            <ul>\r\n                <li>Exp\u00e9rience de 3 \u00e0 4 heures, dont environ une heure dans les airs<\/li>\r\n                <li>Bon ouvert - choisissez votre date de vol<\/li>\r\n                <li>Voler \u00e0 partir de l'un de nos sites dans tout le pays<\/li>\r\n                <li>18 mois pour r\u00e9server<\/li>\r\n                <li>\u00c9changeable* (*Certaines conditions s'appliquent)<\/li>\r\n                <li>Non remboursable<\/li>\r\n            <\/ul>\r\n        <\/div>\r\n        <p class=\"price\">119 \u20ac par personne<\/p>\r\n        <a href=\"https:\/\/www.viator.com\/fr-FR\/tours\/Agadir\/Enjoy-Hot-Air-Balloon-Over-Red-City-Of-Marrakech\/d4383-111051P1?pid=P00239066&amp;mcid=42383&amp;medium=link&amp;campaign=Hot-air-balloon-agadir\" class=\"btn\" rel=\"nofollow noopener\" target=\"_blank\">R\u00e9server<\/a>\r\n    <\/div>\r\n\r\n    <div class=\"package\">\r\n        <h3>Matin ou soir en semaine (du lundi au vendredi)<\/h3>\r\n        <div class=\"details\">\r\n            <ul>\r\n                <li>Exp\u00e9rience de 3 \u00e0 4 heures, dont environ une heure dans les airs<\/li>\r\n                <li>Bon ouvert - choisissez votre date de vol<\/li>\r\n                <li>Voler \u00e0 partir de l'un de nos sites dans tout le pays<\/li>\r\n                <li>18 mois pour r\u00e9server<\/li>\r\n                <li>\u00c9changeable* (*Certaines conditions s'appliquent)<\/li>\r\n                <li>Non remboursable<\/li>\r\n            <\/ul>\r\n        <\/div>\r\n        <p class=\"price\">119 \u20ac par personne<\/p>\r\n        <a href=\"https:\/\/www.viator.com\/fr-FR\/tours\/Agadir\/Enjoy-Hot-Air-Balloon-Over-Red-City-Of-Marrakech\/d4383-111051P1?pid=P00239066&amp;mcid=42383&amp;medium=link&amp;campaign=Hot-air-balloon-agadir\" class=\"btn\" rel=\"nofollow noopener\" target=\"_blank\">R\u00e9server<\/a>\r\n    <\/div>\r\n\r\n    <div class=\"package\">\r\n        <h3>N'importe quel jour, le matin ou le soir (du lundi au dimanche)<\/h3>\r\n        <div class=\"details\">\r\n            <ul>\r\n                <li>Exp\u00e9rience de 3 \u00e0 4 heures, dont environ une heure dans les airs<\/li>\r\n                <li>Bon ouvert - choisissez votre date de vol<\/li>\r\n                <li>Voler \u00e0 partir de l'un de nos sites dans tout le pays<\/li>\r\n                <li>18 mois pour r\u00e9server<\/li>\r\n                <li>\u00c9changeable* (*Certaines conditions s'appliquent)<\/li>\r\n                <li>Non remboursable<\/li>\r\n                <li><strong>Remboursement en cas de mauvais temps - Report ou remboursement en cas de mauvais temps<\/strong><\/li>\r\n            <\/ul>\r\n        <\/div>\r\n        <p class=\"price\">119 \u20ac par personne<\/p>\r\n        <a href=\"https:\/\/www.viator.com\/fr-FR\/tours\/Agadir\/Enjoy-Hot-Air-Balloon-Over-Red-City-Of-Marrakech\/d4383-111051P1?pid=P00239066&amp;mcid=42383&amp;medium=link&amp;campaign=Hot-air-balloon-agadir\" class=\"btn\" rel=\"nofollow noopener\" target=\"_blank\">R\u00e9server<\/a>\r\n    <\/div>\r\n<\/div>\r\n\r\n<\/body>\r\n<\/html>\r\n\t\t\t\t<\/div>\n\t\t\t\t<\/div>\n\t\t\t\t\t<\/div>\n\t\t<\/div>\n\t\t\t\t\t<\/div>\n\t\t<\/section>\n\t\t\t\t<\/div>","protected":false},"excerpt":{"rendered":"<p>A Unique Birthday Celebration Gift Agadir Ballooning Adventure &gt; Exclusive &gt; Birthday Mark your special day in the most unforgettable way\u2014soaring high above Agadir\u2019s breathtaking landscapes in a hot air balloon! Experience the thrill of floating peacefully in the sky as the sun rises over the golden desert. After your scenic flight, enjoy a celebratory [&hellip;]<\/p>\n","protected":false},"author":1,"featured_media":513,"parent":511,"menu_order":0,"comment_status":"closed","ping_status":"closed","template":"","meta":{"footnotes":""},"class_list":["post-563","page","type-page","status-publish","has-post-thumbnail","hentry"],"_links":{"self":[{"href":"https:\/\/hotairballoonagadir.com\/fr\/wp-json\/wp\/v2\/pages\/563","targetHints":{"allow":["GET"]}}],"collection":[{"href":"https:\/\/hotairballoonagadir.com\/fr\/wp-json\/wp\/v2\/pages"}],"about":[{"href":"https:\/\/hotairballoonagadir.com\/fr\/wp-json\/wp\/v2\/types\/page"}],"author":[{"embeddable":true,"href":"https:\/\/hotairballoonagadir.com\/fr\/wp-json\/wp\/v2\/users\/1"}],"replies":[{"embeddable":true,"href":"https:\/\/hotairballoonagadir.com\/fr\/wp-json\/wp\/v2\/comments?post=563"}],"version-history":[{"count":17,"href":"https:\/\/hotairballoonagadir.com\/fr\/wp-json\/wp\/v2\/pages\/563\/revisions"}],"predecessor-version":[{"id":744,"href":"https:\/\/hotairballoonagadir.com\/fr\/wp-json\/wp\/v2\/pages\/563\/revisions\/744"}],"up":[{"embeddable":true,"href":"https:\/\/hotairballoonagadir.com\/fr\/wp-json\/wp\/v2\/pages\/511"}],"wp:featuredmedia":[{"embeddable":true,"href":"https:\/\/hotairballoonagadir.com\/fr\/wp-json\/wp\/v2\/media\/513"}],"wp:attachment":[{"href":"https:\/\/hotairballoonagadir.com\/fr\/wp-json\/wp\/v2\/media?parent=563"}],"curies":[{"name":"wp","href":"https:\/\/api.w.org\/{rel}","templated":true}]}}