{"id":544,"date":"2025-02-23T12:52:25","date_gmt":"2025-02-23T12:52:25","guid":{"rendered":"https:\/\/hotairballoonagadir.com\/?page_id=544"},"modified":"2025-07-12T14:00:04","modified_gmt":"2025-07-12T14:00:04","slug":"anniversaire","status":"publish","type":"page","link":"https:\/\/hotairballoonagadir.com\/fr\/exclusive\/anniversary\/","title":{"rendered":"Anniversaire"},"content":{"rendered":"<div data-elementor-type=\"wp-page\" data-elementor-id=\"544\" class=\"elementor elementor-544\" data-elementor-post-type=\"page\">\n\t\t\t\t\t\t<section class=\"elementor-section elementor-top-section elementor-element elementor-element-11a95357 elementor-section-boxed elementor-section-height-default elementor-section-height-default\" data-id=\"11a95357\" data-element_type=\"section\" data-e-type=\"section\" data-settings=\"{&quot;background_background&quot;:&quot;classic&quot;}\">\n\t\t\t\t\t\t\t<div class=\"elementor-background-overlay\"><\/div>\n\t\t\t\t\t\t\t<div class=\"elementor-container elementor-column-gap-default\">\n\t\t\t\t\t<div class=\"elementor-column elementor-col-100 elementor-top-column elementor-element elementor-element-29d4b2ee\" data-id=\"29d4b2ee\" data-element_type=\"column\" data-e-type=\"column\">\n\t\t\t<div class=\"elementor-widget-wrap elementor-element-populated\">\n\t\t\t\t\t\t<div class=\"elementor-element elementor-element-562f09c3 de_scroll_animation_no elementor-widget elementor-widget-heading\" data-id=\"562f09c3\" data-element_type=\"widget\" data-e-type=\"widget\" data-widget_type=\"heading.default\">\n\t\t\t\t<div class=\"elementor-widget-container\">\n\t\t\t\t\t<h1 class=\"elementor-heading-title elementor-size-default\">Un cadeau d'anniversaire unique avec Agadir Ballooning Adventure\n\n<\/h1>\t\t\t\t<\/div>\n\t\t\t\t<\/div>\n\t\t\t\t\t<\/div>\n\t\t<\/div>\n\t\t\t\t\t<\/div>\n\t\t<\/section>\n\t\t\t\t<section class=\"elementor-section elementor-top-section elementor-element elementor-element-22e7ea4b elementor-section-boxed elementor-section-height-default elementor-section-height-default\" data-id=\"22e7ea4b\" data-element_type=\"section\" data-e-type=\"section\">\n\t\t\t\t\t\t<div class=\"elementor-container elementor-column-gap-default\">\n\t\t\t\t\t<div class=\"elementor-column elementor-col-100 elementor-top-column elementor-element elementor-element-53f118\" data-id=\"53f118\" data-element_type=\"column\" data-e-type=\"column\">\n\t\t\t<div class=\"elementor-widget-wrap elementor-element-populated\">\n\t\t\t\t\t\t<div class=\"elementor-element elementor-element-a1ada19 de_scroll_animation_no elementor-widget elementor-widget-text-editor\" data-id=\"a1ada19\" data-element_type=\"widget\" data-e-type=\"widget\" data-widget_type=\"text-editor.default\">\n\t\t\t\t<div class=\"elementor-widget-container\">\n\t\t\t\t\t\t\t\t\t<p><a href=\"https:\/\/hotairballoonagadir.com\/\">Aventure en montgolfi\u00e8re \u00e0 Agadir<\/a> &gt; <a href=\"https:\/\/hotairballoonagadir.com\/exclusive\">Exclusif<\/a> &gt; <strong>Anniversaire<\/strong><\/p>\t\t\t\t\t\t\t\t<\/div>\n\t\t\t\t<\/div>\n\t\t\t\t<div class=\"elementor-element elementor-element-7e278ad9 elementor-widget-divider--view-line de_scroll_animation_no elementor-widget elementor-widget-divider\" data-id=\"7e278ad9\" data-element_type=\"widget\" data-e-type=\"widget\" data-widget_type=\"divider.default\">\n\t\t\t\t<div class=\"elementor-widget-container\">\n\t\t\t\t\t\t\t<div class=\"elementor-divider\">\n\t\t\t<span class=\"elementor-divider-separator\">\n\t\t\t\t\t\t<\/span>\n\t\t<\/div>\n\t\t\t\t\t\t<\/div>\n\t\t\t\t<\/div>\n\t\t\t\t<div class=\"elementor-element elementor-element-2789ccea de_scroll_animation_no elementor-widget elementor-widget-text-editor\" data-id=\"2789ccea\" data-element_type=\"widget\" data-e-type=\"widget\" data-widget_type=\"text-editor.default\">\n\t\t\t\t<div class=\"elementor-widget-container\">\n\t\t\t\t\t\t\t\t\t<p data-start=\"66\" data-end=\"310\">Il existe de nombreuses fa\u00e7ons cr\u00e9atives de c\u00e9l\u00e9brer un anniversaire, mais rien ne vaut la magie d'un vol en montgolfi\u00e8re. Flottant au-dessus des paysages \u00e0 couper le souffle d'Agadir, cette exp\u00e9rience offre une fa\u00e7on inoubliable de marquer votre journ\u00e9e sp\u00e9ciale.<\/p><p data-start=\"312\" data-end=\"625\">Avec une vue imprenable \u00e0 360\u00b0 sur le d\u00e9sert dor\u00e9 et les montagnes lointaines de l'Atlas, un vol en montgolfi\u00e8re cr\u00e9e le cadre romantique id\u00e9al pour vous et votre bien-aim\u00e9(e). Que vous choisissiez un voyage partag\u00e9 ou un vol priv\u00e9 pour une c\u00e9l\u00e9bration intime, cette aventure intemporelle vous garantit un souvenir inoubliable.<\/p><p data-start=\"627\" data-end=\"754\" data-is-last-node=\"\" data-is-only-node=\"\">C\u00e9l\u00e9brez l'amour de la mani\u00e8re la plus extraordinaire qui soit avec <strong data-start=\"677\" data-end=\"708\">Aventure en montgolfi\u00e8re \u00e0 Agadir <\/strong>un cadeau d'anniversaire classique et inoubliable.<\/p>\t\t\t\t\t\t\t\t<\/div>\n\t\t\t\t<\/div>\n\t\t\t\t<div class=\"elementor-element elementor-element-611aff8 de_scroll_animation_no elementor-widget elementor-widget-heading\" data-id=\"611aff8\" data-element_type=\"widget\" data-e-type=\"widget\" data-widget_type=\"heading.default\">\n\t\t\t\t<div class=\"elementor-widget-container\">\n\t\t\t\t\t<h2 class=\"elementor-heading-title elementor-size-default\">Un anniversaire en montgolfi\u00e8re \u00e0 Agadir, une exp\u00e9rience magique<\/h2>\t\t\t\t<\/div>\n\t\t\t\t<\/div>\n\t\t\t\t<div class=\"elementor-element elementor-element-9a1d1e5 de_scroll_animation_no elementor-widget elementor-widget-text-editor\" data-id=\"9a1d1e5\" data-element_type=\"widget\" data-e-type=\"widget\" data-widget_type=\"text-editor.default\">\n\t\t\t\t<div class=\"elementor-widget-container\">\n\t\t\t\t\t\t\t\t\t<p data-start=\"0\" data-end=\"366\">C\u00e9l\u00e9brez l'amour, l'aventure et les moments inoubliables avec <strong data-start=\"58\" data-end=\"89\">Aventure en montgolfi\u00e8re \u00e0 Agadir , <\/strong>le cadeau d'anniversaire parfait qui propulse la romance vers de nouveaux sommets. Que vous comm\u00e9moriez votre premi\u00e8re ann\u00e9e de vie commune, un anniversaire important ou une vie d'amour, un vol en montgolfi\u00e8re au-dessus des paysages \u00e9poustouflants d'Agadir vous fera vivre une exp\u00e9rience hors du commun.<\/p><p data-start=\"368\" data-end=\"629\">D\u00e9rivez gracieusement au-dessus des dunes dor\u00e9es, des vall\u00e9es luxuriantes et du vaste horizon de l'Atlantique pendant que vous et votre bien-aim\u00e9 embrassez la magie de l'instant. Suspendu dans le ciel, le temps ralentit, cr\u00e9ant une \u00e9chapp\u00e9e r\u00eaveuse o\u00f9 le rire, l'\u00e9merveillement et la joie pure occupent le devant de la sc\u00e8ne.<\/p><p data-start=\"631\" data-end=\"892\" data-is-last-node=\"\" data-is-only-node=\"\">A <a href=\"https:\/\/hotairballoonagadir.com\/the-experience\/\">exp\u00e9rience en montgolfi\u00e8re<\/a> n'est pas seulement un cadeau, c'est une aventure partag\u00e9e, un souvenir grav\u00e9 dans les nuages. Si vous cherchez une fa\u00e7on extraordinaire de c\u00e9l\u00e9brer votre amour, laissez Agadir Ballooning Adventure vous emporter dans un voyage aussi intemporel que votre histoire d'amour.<\/p>\t\t\t\t\t\t\t\t<\/div>\n\t\t\t\t<\/div>\n\t\t\t\t<div class=\"elementor-element elementor-element-d500498 de_scroll_animation_no elementor-widget elementor-widget-heading\" data-id=\"d500498\" data-element_type=\"widget\" data-e-type=\"widget\" data-widget_type=\"heading.default\">\n\t\t\t\t<div class=\"elementor-widget-container\">\n\t\t\t\t\t<h2 class=\"elementor-heading-title elementor-size-default\">Ce que vous obtenez avec une aventure en montgolfi\u00e8re \u00e0 la Quintessence d'Agadir\n<\/h2>\t\t\t\t<\/div>\n\t\t\t\t<\/div>\n\t\t\t\t<div class=\"elementor-element elementor-element-ed42e26 de_scroll_animation_no elementor-widget elementor-widget-text-editor\" data-id=\"ed42e26\" data-element_type=\"widget\" data-e-type=\"widget\" data-widget_type=\"text-editor.default\">\n\t\t\t\t<div class=\"elementor-widget-container\">\n\t\t\t\t\t\t\t\t\t<p data-start=\"68\" data-end=\"212\">\u2728 <strong data-start=\"70\" data-end=\"92\">Des vues \u00e0 couper le souffle<\/strong> - Envolez-vous au-dessus des paysages \u00e9poustouflants d'Agadir, o\u00f9 les dunes dor\u00e9es et les horizons infinis cr\u00e9ent un d\u00e9cor parfait.<\/p><p data-start=\"214\" data-end=\"336\">\u2601\ufe0f <strong data-start=\"217\" data-end=\"242\">S\u00e9r\u00e9nit\u00e9 dans le ciel<\/strong> - Flotter sans effort dans la brise du matin, embrasser le silence paisible du ciel ouvert.<\/p><p data-start=\"338\" data-end=\"469\">\ud83d\udc96 <strong data-start=\"341\" data-end=\"364\">Exp\u00e9rience romantique<\/strong> - Partagez un moment intime et unique avec votre bien-aim\u00e9(e), entour\u00e9(e) d'une beaut\u00e9 \u00e0 couper le souffle.<\/p><p data-start=\"471\" data-end=\"588\">\ud83c\udf88 <strong data-start=\"474\" data-end=\"497\">Une aventure m\u00e9morable<\/strong> - Rendez votre anniversaire inoubliable gr\u00e2ce \u00e0 un voyage extraordinaire qui sort de l'ordinaire.<\/p><p data-start=\"590\" data-end=\"698\">\u23f3 <strong data-start=\"592\" data-end=\"617\">Du temps de qualit\u00e9 ensemble<\/strong> - D\u00e9connectez-vous du monde d'en bas et reconnectez-vous dans une \u00e9chapp\u00e9e magique et flottante.<\/p><p data-start=\"700\" data-end=\"817\">\u2714\ufe0f <strong data-start=\"703\" data-end=\"725\">Moment privil\u00e9gi\u00e9<\/strong> - Faites une croix sur cette aventure de r\u00eave et c\u00e9l\u00e9brez l'amour de la mani\u00e8re la plus spectaculaire qui soit !<\/p><p data-start=\"819\" data-end=\"892\" data-is-last-node=\"\" data-is-only-node=\"\">Laisser <strong data-start=\"823\" data-end=\"854\">Aventure en montgolfi\u00e8re \u00e0 Agadir<\/strong> votre anniversaire atteint de nouveaux sommets !<\/p>\t\t\t\t\t\t\t\t<\/div>\n\t\t\t\t<\/div>\n\t\t\t\t<div class=\"elementor-element elementor-element-79f3d7d de_scroll_animation_no elementor-widget elementor-widget-heading\" data-id=\"79f3d7d\" data-element_type=\"widget\" data-e-type=\"widget\" data-widget_type=\"heading.default\">\n\t\t\t\t<div class=\"elementor-widget-container\">\n\t\t\t\t\t<h2 class=\"elementor-heading-title elementor-size-default\">D'o\u00f9 puis-je prendre l'avion ?\n<\/h2>\t\t\t\t<\/div>\n\t\t\t\t<\/div>\n\t\t\t\t<div class=\"elementor-element elementor-element-6f831a5 de_scroll_animation_no elementor-widget elementor-widget-text-editor\" data-id=\"6f831a5\" data-element_type=\"widget\" data-e-type=\"widget\" data-widget_type=\"text-editor.default\">\n\t\t\t\t<div class=\"elementor-widget-container\">\n\t\t\t\t\t\t\t\t\t<p data-start=\"170\" data-end=\"469\">Au <strong data-start=\"173\" data-end=\"204\">Aventure en montgolfi\u00e8re \u00e0 Agadir<\/strong>, Nous offrons une <strong data-start=\"217\" data-end=\"261\">une exp\u00e9rience unique en montgolfi\u00e8re<\/strong> sur les paysages \u00e9poustouflants d'Agadir. Vous pourrez admirer les <strong data-start=\"314\" data-end=\"413\">des vues panoramiques sur les contreforts de l'Atlas, la campagne vallonn\u00e9e et l'interminable c\u00f4te atlantique<\/strong> en flottant doucement au-dessus des paysages \u00e9poustouflants du Maroc.<\/p><p data-start=\"471\" data-end=\"749\" data-is-last-node=\"\" data-is-only-node=\"\">Que vous soyez \u00e0 la recherche d'un <strong data-start=\"496\" data-end=\"523\">\u00e9vasion paisible au lever du soleil<\/strong> ou un <strong data-start=\"530\" data-end=\"557\">Une aventure inoubliable<\/strong>, Nos sites de lancement, soigneusement s\u00e9lectionn\u00e9s, vous garantissent les meilleurs points de vue. Choisissez la toile de fond id\u00e9ale et laissez votre <strong data-start=\"677\" data-end=\"709\">voyage en montgolfi\u00e8re \u00e0 Agadir<\/strong> sera aussi magique que votre occasion sp\u00e9ciale !<\/p>\t\t\t\t\t\t\t\t<\/div>\n\t\t\t\t<\/div>\n\t\t\t\t<div class=\"elementor-element elementor-element-7570ba1 de_scroll_animation_no elementor-widget elementor-widget-heading\" data-id=\"7570ba1\" data-element_type=\"widget\" data-e-type=\"widget\" data-widget_type=\"heading.default\">\n\t\t\t\t<div class=\"elementor-widget-container\">\n\t\t\t\t\t<h2 class=\"elementor-heading-title elementor-size-default\">Combien co\u00fbte un vol en montgolfi\u00e8re ?\n<\/h2>\t\t\t\t<\/div>\n\t\t\t\t<\/div>\n\t\t\t\t<div class=\"elementor-element elementor-element-24566e8 de_scroll_animation_no elementor-widget elementor-widget-html\" data-id=\"24566e8\" data-element_type=\"widget\" data-e-type=\"widget\" data-widget_type=\"html.default\">\n\t\t\t\t<div class=\"elementor-widget-container\">\n\t\t\t\t\t<!DOCTYPE html>\r\n<html lang=\"en\">\r\n<head>\r\n    <meta charset=\"UTF-8\">\r\n    <meta name=\"viewport\" content=\"width=device-width, initial-scale=1.0\">\r\n    <title>Aventure en montgolfi\u00e8re \u00e0 Agadir - Tarifs<\/title>\r\n    <style>\r\n        body {\r\n            font-family: Arial, sans-serif;\r\n            background-color: #f4f4f4;\r\n            margin: 0;\r\n            padding: 0px;\r\n        }\r\n        .pricing-container {\r\n            max-width: 900px;\r\n            margin: auto;\r\n            background: white;\r\n            padding: 20px;\r\n            border-radius: 10px;\r\n            box-shadow: 0 0 10px rgba(0, 0, 0, 0.1);\r\n        }\r\n        h2 {\r\n            text-align: center;\r\n            color: #333;\r\n        }\r\n        .package {\r\n            background: #fffaf0;\r\n            padding: 20px;\r\n            margin-bottom: 20px;\r\n            border-radius: 10px;\r\n            border-left: 5px solid #ff8c00;\r\n        }\r\n        .package h3 {\r\n            margin: 0;\r\n            color: #ff6600;\r\n        }\r\n        .details {\r\n            margin: 10px 0;\r\n        }\r\n        .details ul {\r\n            padding-left: 20px;\r\n        }\r\n        .price {\r\n            font-size: 24px;\r\n            font-weight: bold;\r\n            color: #d62828;\r\n            margin: 10px 0;\r\n        }\r\n        .btn {\r\n            display: inline-block;\r\n            padding: 12px 18px;\r\n            background-color: #6a0dad;\r\n            color: white;\r\n            text-decoration: none;\r\n            border-radius: 5px;\r\n            text-align: center;\r\n            font-size: 16px;\r\n        }\r\n        .btn:hover {\r\n            background-color: #4b0082;\r\n        }\r\n    <\/style>\r\n<\/head>\r\n<body>\r\n\r\n<div class=\"pricing-container\">\r\n\r\n    <div class=\"package\">\r\n        <h3>Matin en semaine (lundi - vendredi)<\/h3>\r\n        <div class=\"details\">\r\n            <ul>\r\n                <li>Exp\u00e9rience de 3 \u00e0 4 heures, dont environ une heure dans les airs<\/li>\r\n                <li>Bon ouvert - choisissez votre date de vol<\/li>\r\n                <li>Voler \u00e0 partir de l'un de nos sites dans tout le pays<\/li>\r\n                <li>18 mois pour r\u00e9server<\/li>\r\n                <li>\u00c9changeable* (*Certaines conditions s'appliquent)<\/li>\r\n                <li>Non remboursable<\/li>\r\n            <\/ul>\r\n        <\/div>\r\n        <p class=\"price\">119 \u20ac par personne<\/p>\r\n        <a href=\"https:\/\/www.viator.com\/fr-FR\/tours\/Agadir\/Enjoy-Hot-Air-Balloon-Over-Red-City-Of-Marrakech\/d4383-111051P1?pid=P00239066&amp;mcid=42383&amp;medium=link&amp;campaign=Hot-air-balloon-agadir\" class=\"btn\" rel=\"nofollow noopener\" target=\"_blank\">R\u00e9server<\/a>\r\n    <\/div>\r\n\r\n    <div class=\"package\">\r\n        <h3>Matin ou soir en semaine (du lundi au vendredi)<\/h3>\r\n        <div class=\"details\">\r\n            <ul>\r\n                <li>Exp\u00e9rience de 3 \u00e0 4 heures, dont environ une heure dans les airs<\/li>\r\n                <li>Bon ouvert - choisissez votre date de vol<\/li>\r\n                <li>Voler \u00e0 partir de l'un de nos sites dans tout le pays<\/li>\r\n                <li>18 mois pour r\u00e9server<\/li>\r\n                <li>\u00c9changeable* (*Certaines conditions s'appliquent)<\/li>\r\n                <li>Non remboursable<\/li>\r\n            <\/ul>\r\n        <\/div>\r\n        <p class=\"price\">119 \u20ac par personne<\/p>\r\n        <a href=\"https:\/\/www.viator.com\/fr-FR\/tours\/Agadir\/Enjoy-Hot-Air-Balloon-Over-Red-City-Of-Marrakech\/d4383-111051P1?pid=P00239066&amp;mcid=42383&amp;medium=link&amp;campaign=Hot-air-balloon-agadir\" class=\"btn\" rel=\"nofollow noopener\" target=\"_blank\">R\u00e9server<\/a>\r\n    <\/div>\r\n\r\n    <div class=\"package\">\r\n        <h3>N'importe quel jour, le matin ou le soir (du lundi au dimanche)<\/h3>\r\n        <div class=\"details\">\r\n            <ul>\r\n                <li>Exp\u00e9rience de 3 \u00e0 4 heures, dont environ une heure dans les airs<\/li>\r\n                <li>Bon ouvert - choisissez votre date de vol<\/li>\r\n                <li>Voler \u00e0 partir de l'un de nos sites dans tout le pays<\/li>\r\n                <li>18 mois pour r\u00e9server<\/li>\r\n                <li>\u00c9changeable* (*Certaines conditions s'appliquent)<\/li>\r\n                <li>Non remboursable<\/li>\r\n                <li><strong>Remboursement en cas de mauvais temps - Report ou remboursement en cas de mauvais temps<\/strong><\/li>\r\n            <\/ul>\r\n        <\/div>\r\n        <p class=\"price\">119 \u20ac par personne<\/p>\r\n        <a href=\"https:\/\/www.viator.com\/fr-FR\/tours\/Agadir\/Enjoy-Hot-Air-Balloon-Over-Red-City-Of-Marrakech\/d4383-111051P1?pid=P00239066&amp;mcid=42383&amp;medium=link&amp;campaign=Hot-air-balloon-agadir\" class=\"btn\" rel=\"nofollow noopener\" target=\"_blank\">R\u00e9server<\/a>\r\n    <\/div>\r\n<\/div>\r\n\r\n<\/body>\r\n<\/html>\r\n\t\t\t\t<\/div>\n\t\t\t\t<\/div>\n\t\t\t\t\t<\/div>\n\t\t<\/div>\n\t\t\t\t\t<\/div>\n\t\t<\/section>\n\t\t\t\t<\/div>","protected":false},"excerpt":{"rendered":"<p>A Unique Anniversary Celebration Gift with Agadir Ballooning Adventure Agadir Ballooning Adventure &gt; Exclusive &gt; Anniversary There are many creative ways to celebrate an anniversary, but nothing compares to the magic of a hot air balloon ride. Floating high above Agadir\u2019s breathtaking landscapes, this experience offers an unforgettable way to mark your special day. With [&hellip;]<\/p>\n","protected":false},"author":1,"featured_media":513,"parent":511,"menu_order":0,"comment_status":"closed","ping_status":"closed","template":"","meta":{"footnotes":""},"class_list":["post-544","page","type-page","status-publish","has-post-thumbnail","hentry"],"_links":{"self":[{"href":"https:\/\/hotairballoonagadir.com\/fr\/wp-json\/wp\/v2\/pages\/544","targetHints":{"allow":["GET"]}}],"collection":[{"href":"https:\/\/hotairballoonagadir.com\/fr\/wp-json\/wp\/v2\/pages"}],"about":[{"href":"https:\/\/hotairballoonagadir.com\/fr\/wp-json\/wp\/v2\/types\/page"}],"author":[{"embeddable":true,"href":"https:\/\/hotairballoonagadir.com\/fr\/wp-json\/wp\/v2\/users\/1"}],"replies":[{"embeddable":true,"href":"https:\/\/hotairballoonagadir.com\/fr\/wp-json\/wp\/v2\/comments?post=544"}],"version-history":[{"count":22,"href":"https:\/\/hotairballoonagadir.com\/fr\/wp-json\/wp\/v2\/pages\/544\/revisions"}],"predecessor-version":[{"id":735,"href":"https:\/\/hotairballoonagadir.com\/fr\/wp-json\/wp\/v2\/pages\/544\/revisions\/735"}],"up":[{"embeddable":true,"href":"https:\/\/hotairballoonagadir.com\/fr\/wp-json\/wp\/v2\/pages\/511"}],"wp:featuredmedia":[{"embeddable":true,"href":"https:\/\/hotairballoonagadir.com\/fr\/wp-json\/wp\/v2\/media\/513"}],"wp:attachment":[{"href":"https:\/\/hotairballoonagadir.com\/fr\/wp-json\/wp\/v2\/media?parent=544"}],"curies":[{"name":"wp","href":"https:\/\/api.w.org\/{rel}","templated":true}]}}