{"id":412,"date":"2025-01-09T09:50:10","date_gmt":"2025-01-09T09:50:10","guid":{"rendered":"https:\/\/hotairballoonagadir.com\/?page_id=412"},"modified":"2025-01-09T09:54:33","modified_gmt":"2025-01-09T09:54:33","slug":"faits-chiffres","status":"publish","type":"page","link":"https:\/\/hotairballoonagadir.com\/fr\/facts-figures\/","title":{"rendered":"Faits et chiffres"},"content":{"rendered":"<div data-elementor-type=\"wp-page\" data-elementor-id=\"412\" class=\"elementor elementor-412\" data-elementor-post-type=\"page\">\n\t\t\t\t\t\t<section class=\"elementor-section elementor-top-section elementor-element elementor-element-53d2e4cf elementor-section-boxed elementor-section-height-default elementor-section-height-default\" data-id=\"53d2e4cf\" data-element_type=\"section\" data-e-type=\"section\" data-settings=\"{&quot;background_background&quot;:&quot;classic&quot;}\">\n\t\t\t\t\t\t\t<div class=\"elementor-background-overlay\"><\/div>\n\t\t\t\t\t\t\t<div class=\"elementor-container elementor-column-gap-default\">\n\t\t\t\t\t<div class=\"elementor-column elementor-col-100 elementor-top-column elementor-element elementor-element-3a3680f3\" data-id=\"3a3680f3\" data-element_type=\"column\" data-e-type=\"column\">\n\t\t\t<div class=\"elementor-widget-wrap elementor-element-populated\">\n\t\t\t\t\t\t<div class=\"elementor-element elementor-element-107804c1 de_scroll_animation_no elementor-widget elementor-widget-heading\" data-id=\"107804c1\" data-element_type=\"widget\" data-e-type=\"widget\" data-widget_type=\"heading.default\">\n\t\t\t\t<div class=\"elementor-widget-container\">\n\t\t\t\t\t<h1 class=\"elementor-heading-title elementor-size-default\">faits et chiffres<\/h1>\t\t\t\t<\/div>\n\t\t\t\t<\/div>\n\t\t\t\t\t<\/div>\n\t\t<\/div>\n\t\t\t\t\t<\/div>\n\t\t<\/section>\n\t\t\t\t<section class=\"elementor-section elementor-top-section elementor-element elementor-element-5f6df712 elementor-section-boxed elementor-section-height-default elementor-section-height-default\" data-id=\"5f6df712\" data-element_type=\"section\" data-e-type=\"section\" data-settings=\"{&quot;background_background&quot;:&quot;classic&quot;}\">\n\t\t\t\t\t\t<div class=\"elementor-container elementor-column-gap-default\">\n\t\t\t\t\t<div class=\"elementor-column elementor-col-100 elementor-top-column elementor-element elementor-element-3e97ee9f\" data-id=\"3e97ee9f\" data-element_type=\"column\" data-e-type=\"column\" data-settings=\"{&quot;background_background&quot;:&quot;classic&quot;}\">\n\t\t\t<div class=\"elementor-widget-wrap elementor-element-populated\">\n\t\t\t\t\t\t<div class=\"elementor-element elementor-element-1357a87 de_scroll_animation_no elementor-widget elementor-widget-text-editor\" data-id=\"1357a87\" data-element_type=\"widget\" data-e-type=\"widget\" data-widget_type=\"text-editor.default\">\n\t\t\t\t<div class=\"elementor-widget-container\">\n\t\t\t\t\t\t\t\t\t<p>La montgolfi\u00e8re est une aventure captivante qui allie l'histoire, la science et le frisson du vol. Voici quelques faits et chiffres fascinants sur les montgolfi\u00e8res :<\/p>\t\t\t\t\t\t\t\t<\/div>\n\t\t\t\t<\/div>\n\t\t\t\t<div class=\"elementor-element elementor-element-6e5c31f de_scroll_animation_no elementor-widget elementor-widget-heading\" data-id=\"6e5c31f\" data-element_type=\"widget\" data-e-type=\"widget\" data-widget_type=\"heading.default\">\n\t\t\t\t<div class=\"elementor-widget-container\">\n\t\t\t\t\t<h2 class=\"elementor-heading-title elementor-size-default\">Jalons historiques<\/h2>\t\t\t\t<\/div>\n\t\t\t\t<\/div>\n\t\t\t\t<div class=\"elementor-element elementor-element-8adc344 de_scroll_animation_no elementor-widget elementor-widget-text-editor\" data-id=\"8adc344\" data-element_type=\"widget\" data-e-type=\"widget\" data-widget_type=\"text-editor.default\">\n\t\t\t\t<div class=\"elementor-widget-container\">\n\t\t\t\t\t\t\t\t\t<ul><li><p><strong>Les pionniers de l'aviation<\/strong>: Les montgolfi\u00e8res ont \u00e9t\u00e9 la premi\u00e8re technologie de transport d'\u00eatres humains. Le premier vol habit\u00e9 non attach\u00e9 a eu lieu \u00e0 Paris en 1783, marquant l'aube de l'aviation moderne.<\/p><\/li><li><p><strong>Les animaux a\u00e9ronautes<\/strong>: Avant les vols humains, les animaux \u00e9taient les premiers passagers. En 1783, un mouton, un canard et un coq montent \u00e0 bord d'un ballon pour \u00e9valuer les effets du vol, et reviennent tous sains et saufs.<\/p><\/li><\/ul>\t\t\t\t\t\t\t\t<\/div>\n\t\t\t\t<\/div>\n\t\t\t\t<div class=\"elementor-element elementor-element-3737963 de_scroll_animation_no elementor-widget elementor-widget-heading\" data-id=\"3737963\" data-element_type=\"widget\" data-e-type=\"widget\" data-widget_type=\"heading.default\">\n\t\t\t\t<div class=\"elementor-widget-container\">\n\t\t\t\t\t<h2 class=\"elementor-heading-title elementor-size-default\">Sp\u00e9cifications techniques<\/h2>\t\t\t\t<\/div>\n\t\t\t\t<\/div>\n\t\t\t\t<div class=\"elementor-element elementor-element-c5ad702 de_scroll_animation_no elementor-widget elementor-widget-text-editor\" data-id=\"c5ad702\" data-element_type=\"widget\" data-e-type=\"widget\" data-widget_type=\"text-editor.default\">\n\t\t\t\t<div class=\"elementor-widget-container\">\n\t\t\t\t\t\t\t\t\t<ul><li><p><strong>Enveloppe<\/strong>: Le gros ballon qui contient l'air chauff\u00e9 est appel\u00e9 \u2018enveloppe\u2019. G\u00e9n\u00e9ralement fabriqu\u00e9e en nylon, elle a un point de fusion d'environ 230\u00b0C (446\u00b0F). Pendant le vol, la temp\u00e9rature \u00e0 l'int\u00e9rieur est g\u00e9n\u00e9ralement maintenue en dessous de 120\u00b0C (248\u00b0F) pour garantir la s\u00e9curit\u00e9.<\/p><\/li><li><p><strong>Br\u00fbleur<\/strong>: Le br\u00fbleur cr\u00e9e une flamme ouverte en br\u00fblant un m\u00e9lange de propane liquide et d'air, chauffant l'air \u00e0 l'int\u00e9rieur de l'enveloppe pour assurer la portance.<\/p><\/li><li><p><strong>Panier<\/strong>: Les passagers se tiennent dans un panier en osier sous l'enveloppe, ce qui assure \u00e0 la fois l'int\u00e9grit\u00e9 structurelle et une esth\u00e9tique classique.<\/p><\/li><\/ul>\t\t\t\t\t\t\t\t<\/div>\n\t\t\t\t<\/div>\n\t\t\t\t<div class=\"elementor-element elementor-element-629a69f de_scroll_animation_no elementor-widget elementor-widget-heading\" data-id=\"629a69f\" data-element_type=\"widget\" data-e-type=\"widget\" data-widget_type=\"heading.default\">\n\t\t\t\t<div class=\"elementor-widget-container\">\n\t\t\t\t\t<h2 class=\"elementor-heading-title elementor-size-default\">Dynamique du vol<\/h2>\t\t\t\t<\/div>\n\t\t\t\t<\/div>\n\t\t\t\t<div class=\"elementor-element elementor-element-69f68d0 de_scroll_animation_no elementor-widget elementor-widget-text-editor\" data-id=\"69f68d0\" data-element_type=\"widget\" data-e-type=\"widget\" data-widget_type=\"text-editor.default\">\n\t\t\t\t<div class=\"elementor-widget-container\">\n\t\t\t\t\t\t\t\t\t<ul><li><p><strong>Flottabilit\u00e9<\/strong>: Les montgolfi\u00e8res s'\u00e9l\u00e8vent parce que l'air chauff\u00e9 \u00e0 l'int\u00e9rieur de l'enveloppe est moins dense que l'air plus frais \u00e0 l'ext\u00e9rieur, ce qui cr\u00e9e une portance.<\/p><\/li><li><p><strong>Altitude Records<\/strong>: Les montgolfi\u00e8res peuvent atteindre des hauteurs remarquables. Le record du monde est de plus de 21 000 m\u00e8tres (68 900 pieds), r\u00e9alis\u00e9 par Vijaypat Singhania en 2005. \u00c0 de telles altitudes, un suppl\u00e9ment d'oxyg\u00e8ne est n\u00e9cessaire.<\/p><\/li><li><p><strong>Records de vitesse<\/strong>: La vitesse la plus rapide enregistr\u00e9e pour une montgolfi\u00e8re habit\u00e9e est de plus de 245 mph, r\u00e9alis\u00e9e par Per Lindstrand et Richard Branson lors de leur travers\u00e9e de l'oc\u00e9an Pacifique en 1991.<\/p><\/li><\/ul>\t\t\t\t\t\t\t\t<\/div>\n\t\t\t\t<\/div>\n\t\t\t\t<div class=\"elementor-element elementor-element-dfef746 de_scroll_animation_no elementor-widget elementor-widget-heading\" data-id=\"dfef746\" data-element_type=\"widget\" data-e-type=\"widget\" data-widget_type=\"heading.default\">\n\t\t\t\t<div class=\"elementor-widget-container\">\n\t\t\t\t\t<h2 class=\"elementor-heading-title elementor-size-default\">Bonnes nouvelles de la culture<\/h2>\t\t\t\t<\/div>\n\t\t\t\t<\/div>\n\t\t\t\t<div class=\"elementor-element elementor-element-3b020b2 de_scroll_animation_no elementor-widget elementor-widget-text-editor\" data-id=\"3b020b2\" data-element_type=\"widget\" data-e-type=\"widget\" data-widget_type=\"text-editor.default\">\n\t\t\t\t<div class=\"elementor-widget-container\">\n\t\t\t\t\t\t\t\t\t<ul><li><p><strong>La tradition du champagne<\/strong>: La tradition de boire du champagne apr\u00e8s un vol est n\u00e9e en France. Les premiers a\u00e9rostiers offraient du champagne pour apaiser les agriculteurs sur les lieux d'atterrissage, car les ballons effrayaient souvent le b\u00e9tail et suscitaient des inqui\u00e9tudes.<\/p><\/li><li><p><strong>Formes sp\u00e9ciales<\/strong>: Si de nombreux ballons ont une forme standard, d'autres sont con\u00e7us pour ressembler \u00e0 des animaux, \u00e0 des personnages de dessins anim\u00e9s ou \u00e0 d'autres objets amusants, ce qui ajoute une touche fantaisiste aux \u00e9v\u00e9nements li\u00e9s aux ballons.<\/p><\/li><\/ul>\t\t\t\t\t\t\t\t<\/div>\n\t\t\t\t<\/div>\n\t\t\t\t<div class=\"elementor-element elementor-element-83a5b39 de_scroll_animation_no elementor-widget elementor-widget-text-editor\" data-id=\"83a5b39\" data-element_type=\"widget\" data-e-type=\"widget\" data-widget_type=\"text-editor.default\">\n\t\t\t\t<div class=\"elementor-widget-container\">\n\t\t\t\t\t\t\t\t\t<p>A Agadir Ballooning Adventure, nous sommes passionn\u00e9s par le partage de la magie de la montgolfi\u00e8re avec vous. <a href=\"https:\/\/hotairballoonagadir.com\/hot-air-balloon-rides\/\">Rejoignez-nous pour d\u00e9couvrir<\/a> ce m\u00e9lange unique d'histoire, de science et d'aventure.<\/p>\t\t\t\t\t\t\t\t<\/div>\n\t\t\t\t<\/div>\n\t\t\t\t\t<\/div>\n\t\t<\/div>\n\t\t\t\t\t<\/div>\n\t\t<\/section>\n\t\t\t\t<\/div>","protected":false},"excerpt":{"rendered":"<p>facts &amp; figures Hot air ballooning is a captivating adventure that combines history, science, and the thrill of flight. Here are some intriguing facts and figures about hot air balloons: Historical Milestones Pioneers of Flight: Hot air balloons were the first human-carrying flight technology. The inaugural untethered manned flight occurred in Paris in 1783, marking [&hellip;]<\/p>\n","protected":false},"author":1,"featured_media":0,"parent":0,"menu_order":0,"comment_status":"closed","ping_status":"closed","template":"","meta":{"footnotes":""},"class_list":["post-412","page","type-page","status-publish","hentry"],"_links":{"self":[{"href":"https:\/\/hotairballoonagadir.com\/fr\/wp-json\/wp\/v2\/pages\/412","targetHints":{"allow":["GET"]}}],"collection":[{"href":"https:\/\/hotairballoonagadir.com\/fr\/wp-json\/wp\/v2\/pages"}],"about":[{"href":"https:\/\/hotairballoonagadir.com\/fr\/wp-json\/wp\/v2\/types\/page"}],"author":[{"embeddable":true,"href":"https:\/\/hotairballoonagadir.com\/fr\/wp-json\/wp\/v2\/users\/1"}],"replies":[{"embeddable":true,"href":"https:\/\/hotairballoonagadir.com\/fr\/wp-json\/wp\/v2\/comments?post=412"}],"version-history":[{"count":7,"href":"https:\/\/hotairballoonagadir.com\/fr\/wp-json\/wp\/v2\/pages\/412\/revisions"}],"predecessor-version":[{"id":419,"href":"https:\/\/hotairballoonagadir.com\/fr\/wp-json\/wp\/v2\/pages\/412\/revisions\/419"}],"wp:attachment":[{"href":"https:\/\/hotairballoonagadir.com\/fr\/wp-json\/wp\/v2\/media?parent=412"}],"curies":[{"name":"wp","href":"https:\/\/api.w.org\/{rel}","templated":true}]}}