{"id":324,"date":"2025-01-06T11:25:21","date_gmt":"2025-01-06T11:25:21","guid":{"rendered":"https:\/\/hotairballoonagadir.com\/?page_id=324"},"modified":"2025-07-12T14:30:27","modified_gmt":"2025-07-12T14:30:27","slug":"vol-en-ballon-cadeau","status":"publish","type":"page","link":"https:\/\/hotairballoonagadir.com\/fr\/gift-balloon-flight\/","title":{"rendered":"Vol en montgolfi\u00e8re cadeau"},"content":{"rendered":"<div data-elementor-type=\"wp-page\" data-elementor-id=\"324\" class=\"elementor elementor-324\" data-elementor-post-type=\"page\">\n\t\t\t\t\t\t<section class=\"elementor-section elementor-top-section elementor-element elementor-element-74d6cbe2 elementor-section-boxed elementor-section-height-default elementor-section-height-default\" data-id=\"74d6cbe2\" data-element_type=\"section\" data-e-type=\"section\" data-settings=\"{&quot;background_background&quot;:&quot;classic&quot;}\">\n\t\t\t\t\t\t\t<div class=\"elementor-background-overlay\"><\/div>\n\t\t\t\t\t\t\t<div class=\"elementor-container elementor-column-gap-default\">\n\t\t\t\t\t<div class=\"elementor-column elementor-col-100 elementor-top-column elementor-element elementor-element-794012fa\" data-id=\"794012fa\" data-element_type=\"column\" data-e-type=\"column\">\n\t\t\t<div class=\"elementor-widget-wrap elementor-element-populated\">\n\t\t\t\t\t\t<div class=\"elementor-element elementor-element-4672e052 de_scroll_animation_no elementor-widget elementor-widget-heading\" data-id=\"4672e052\" data-element_type=\"widget\" data-e-type=\"widget\" data-widget_type=\"heading.default\">\n\t\t\t\t<div class=\"elementor-widget-container\">\n\t\t\t\t\t<h1 class=\"elementor-heading-title elementor-size-default\">Vol en ballon cadeau<\/h1>\t\t\t\t<\/div>\n\t\t\t\t<\/div>\n\t\t\t\t<div class=\"elementor-element elementor-element-f316d68 elementor-align-center de_scroll_animation_no elementor-widget elementor-widget-button\" data-id=\"f316d68\" data-element_type=\"widget\" data-e-type=\"widget\" data-widget_type=\"button.default\">\n\t\t\t\t<div class=\"elementor-widget-container\">\n\t\t\t\t\t\t\t\t\t<div class=\"elementor-button-wrapper\">\n\t\t\t\t\t<a class=\"elementor-button elementor-button-link elementor-size-sm\" href=\"https:\/\/www.viator.com\/fr-FR\/tours\/Agadir\/Enjoy-Hot-Air-Balloon-Over-Red-City-Of-Marrakech\/d4383-111051P1?pid=P00239066&#038;mcid=42383&#038;medium=link&#038;campaign=Hot-air-balloon-agadir\" rel=\"nofollow noopener\" target=\"_blank\">\n\t\t\t\t\t\t<span class=\"elementor-button-content-wrapper\">\n\t\t\t\t\t\t\t\t\t<span class=\"elementor-button-text\">Acheter<\/span>\n\t\t\t\t\t<\/span>\n\t\t\t\t\t<\/a>\n\t\t\t\t<\/div>\n\t\t\t\t\t\t\t\t<\/div>\n\t\t\t\t<\/div>\n\t\t\t\t\t<\/div>\n\t\t<\/div>\n\t\t\t\t\t<\/div>\n\t\t<\/section>\n\t\t<div class=\"elementor-element elementor-element-d730410 e-flex e-con-boxed e-con e-parent\" data-id=\"d730410\" data-element_type=\"container\" data-e-type=\"container\">\n\t\t\t\t\t<div class=\"e-con-inner\">\n\t\t\t\t<div class=\"elementor-element elementor-element-99fb7e6 de_scroll_animation_no elementor-widget elementor-widget-heading\" data-id=\"99fb7e6\" data-element_type=\"widget\" data-e-type=\"widget\" data-widget_type=\"heading.default\">\n\t\t\t\t<div class=\"elementor-widget-container\">\n\t\t\t\t\t<h2 class=\"elementor-heading-title elementor-size-default\">Un tour en montgolfi\u00e8re - Le cadeau id\u00e9al pour toutes les occasions !\n<\/h2>\t\t\t\t<\/div>\n\t\t\t\t<\/div>\n\t\t\t\t<div class=\"elementor-element elementor-element-1dee32e de_scroll_animation_no elementor-widget elementor-widget-text-editor\" data-id=\"1dee32e\" data-element_type=\"widget\" data-e-type=\"widget\" data-widget_type=\"text-editor.default\">\n\t\t\t\t<div class=\"elementor-widget-container\">\n\t\t\t\t\t\t\t\t\t<p>Surprenez vos proches en leur faisant vivre une exp\u00e9rience magique ! A l'adresse <strong>Aventure en montgolfi\u00e8re \u00e0 Agadir<\/strong>, Dans le cadre de notre programme de vols en montgolfi\u00e8re, nous proposons des ch\u00e8ques-cadeaux \u00e0 date libre pour des vols en montgolfi\u00e8re inoubliables au-dessus des paysages \u00e9poustouflants d'Agadir. Le bon, valable un an, donne au b\u00e9n\u00e9ficiaire la libert\u00e9 de choisir la date de son vol, ce qui en fait un cadeau id\u00e9al pour les anniversaires, les mariages, les vacances, les incentives d'entreprise ou toute autre c\u00e9l\u00e9bration sp\u00e9ciale.<\/p><p><strong>Pourquoi choisir nos ch\u00e8ques-cadeaux ?<\/strong><\/p><ul><li><strong>Validit\u00e9 d'un an :<\/strong> Le bon reste valable pendant une ann\u00e9e enti\u00e8re \u00e0 compter de la date d'achat.<\/li><li><strong>Le don flexible :<\/strong> Parfait pour les individus ou les groupes, ce qui en fait un cadeau polyvalent.<\/li><li><strong>Flexibilit\u00e9 de la date d'ouverture :<\/strong> Il n'est pas n\u00e9cessaire de choisir une date au moment de l'achat ; le b\u00e9n\u00e9ficiaire peut r\u00e9server son vol plus tard, \u00e0 sa convenance.<\/li><li><strong>Livraison imm\u00e9diate :<\/strong> Une fois r\u00e9serv\u00e9, le ch\u00e8que-cadeau sera envoy\u00e9 directement \u00e0 votre adresse \u00e9lectronique dans un format PDF pr\u00eat \u00e0 imprimer.<\/li><li><strong>Touche personnalis\u00e9e :<\/strong> Ajoutez un message sinc\u00e8re pour rendre le cadeau encore plus sp\u00e9cial.<\/li><\/ul><p><strong>Contactez-nous d\u00e8s aujourd'hui pour offrir une aventure \u00e0 couper le souffle !<\/strong><br \/>\ud83d\udce7 Courriel : <a rel=\"noopener\">contact@hotairballoonagadir.com<\/a><br \/>\ud83d\udcde Appeler : +212 618-440347<\/p><p>Offrez des souvenirs inoubliables avec <strong>Aventure en montgolfi\u00e8re \u00e0 Agadir<\/strong>!<\/p>\t\t\t\t\t\t\t\t<\/div>\n\t\t\t\t<\/div>\n\t\t\t\t<div class=\"elementor-element elementor-element-db1c00f elementor-align-center de_scroll_animation_no elementor-widget elementor-widget-button\" data-id=\"db1c00f\" data-element_type=\"widget\" data-e-type=\"widget\" data-widget_type=\"button.default\">\n\t\t\t\t<div class=\"elementor-widget-container\">\n\t\t\t\t\t\t\t\t\t<div class=\"elementor-button-wrapper\">\n\t\t\t\t\t<a class=\"elementor-button elementor-button-link elementor-size-sm\" href=\"https:\/\/www.viator.com\/fr-FR\/tours\/Agadir\/Enjoy-Hot-Air-Balloon-Over-Red-City-Of-Marrakech\/d4383-111051P1?pid=P00239066&#038;mcid=42383&#038;medium=link&#038;campaign=Hot-air-balloon-agadir\" rel=\"nofollow noopener\" target=\"_blank\">\n\t\t\t\t\t\t<span class=\"elementor-button-content-wrapper\">\n\t\t\t\t\t\t\t\t\t<span class=\"elementor-button-text\">Acheter<\/span>\n\t\t\t\t\t<\/span>\n\t\t\t\t\t<\/a>\n\t\t\t\t<\/div>\n\t\t\t\t\t\t\t\t<\/div>\n\t\t\t\t<\/div>\n\t\t\t\t\t<\/div>\n\t\t\t\t<\/div>\n\t\t\t\t<section class=\"elementor-section elementor-top-section elementor-element elementor-element-2aafc005 elementor-section-boxed elementor-section-height-default elementor-section-height-default\" data-id=\"2aafc005\" data-element_type=\"section\" data-e-type=\"section\">\n\t\t\t\t\t\t<div class=\"elementor-container elementor-column-gap-default\">\n\t\t\t\t\t<div class=\"elementor-column elementor-col-100 elementor-top-column elementor-element elementor-element-539d9ed8\" data-id=\"539d9ed8\" data-element_type=\"column\" data-e-type=\"column\">\n\t\t\t<div class=\"elementor-widget-wrap elementor-element-populated\">\n\t\t\t\t\t\t<div class=\"elementor-element elementor-element-4a2f089d elementor-position-right elementor-vertical-align-middle de_scroll_animation_no elementor-widget elementor-widget-image-box\" data-id=\"4a2f089d\" data-element_type=\"widget\" data-e-type=\"widget\" data-widget_type=\"image-box.default\">\n\t\t\t\t<div class=\"elementor-widget-container\">\n\t\t\t\t\t<div class=\"elementor-image-box-wrapper\"><figure class=\"elementor-image-box-img\"><a href=\"https:\/\/www.viator.com\/tours\/Agadir\/Enjoy-Hot-Air-Balloon-Over-Red-City-Of-Marrakech\/d4383-111051P1?pid=P00239066&#038;mcid=42383&#038;medium=link&#038;campaign=Hot-air-balloon-agadir1\" tabindex=\"-1\" rel=\"nofollow noopener\" target=\"_blank\"><img fetchpriority=\"high\" decoding=\"async\" width=\"1067\" height=\"800\" src=\"https:\/\/hotairballoonagadir.com\/wp-content\/uploads\/2025\/01\/Family-Adventure-Hot-Air-Balloon-Flight.jpg\" class=\"attachment-full size-full wp-image-326\" alt=\"Aventure familiale : Vol en montgolfi\u00e8re\" srcset=\"https:\/\/hotairballoonagadir.com\/wp-content\/uploads\/2025\/01\/Family-Adventure-Hot-Air-Balloon-Flight.jpg 1067w, https:\/\/hotairballoonagadir.com\/wp-content\/uploads\/2025\/01\/Family-Adventure-Hot-Air-Balloon-Flight-300x225.jpg 300w, https:\/\/hotairballoonagadir.com\/wp-content\/uploads\/2025\/01\/Family-Adventure-Hot-Air-Balloon-Flight-1024x768.jpg 1024w, https:\/\/hotairballoonagadir.com\/wp-content\/uploads\/2025\/01\/Family-Adventure-Hot-Air-Balloon-Flight-768x576.jpg 768w\" sizes=\"(max-width: 1067px) 100vw, 1067px\" \/><\/a><\/figure><div class=\"elementor-image-box-content\"><h3 class=\"elementor-image-box-title\"><a href=\"https:\/\/www.viator.com\/tours\/Agadir\/Enjoy-Hot-Air-Balloon-Over-Red-City-Of-Marrakech\/d4383-111051P1?pid=P00239066&#038;mcid=42383&#038;medium=link&#038;campaign=Hot-air-balloon-agadir1\" rel=\"nofollow noopener\" target=\"_blank\">Aventure familiale : Vol en montgolfi\u00e8re<\/a><\/h3><p class=\"elementor-image-box-description\"><b>Aventure familiale : Vol en montgolfi\u00e8re<\/b>\n Cr\u00e9ez des souvenirs inoubliables avec un <b>Vol en montgolfi\u00e8re en famille<\/b> au-dessus des paysages \u00e9poustouflants d'Agadir. Parfaite pour tous les \u00e2ges, cette exp\u00e9rience magique offre un moyen unique de tisser des liens avec ceux que l'on aime, tout en s'\u00e9levant doucement au-dessus de vues \u00e0 couper le souffle au lever du soleil. Ressentez le frisson en vous \u00e9levant ensemble dans le ciel, en partageant des moments d'\u00e9merveillement et d'excitation. Nos pilotes professionnels garantissent un vol en toute s\u00e9curit\u00e9 et en douceur, ce qui est id\u00e9al pour les familles \u00e0 la recherche d'une aventure unique. Apr\u00e8s l'atterrissage, profitez de rafra\u00eechissements et immortalisez vos souvenirs avec de superbes photos. R\u00e9servez votre <b>exp\u00e9rience familiale en montgolfi\u00e8re<\/b> aujourd'hui et cr\u00e9ez des histoires que vous ch\u00e9rirez \u00e0 jamais !<\/p><\/div><\/div>\t\t\t\t<\/div>\n\t\t\t\t<\/div>\n\t\t\t\t<div class=\"elementor-element elementor-element-13aff9f0 elementor-position-right elementor-vertical-align-middle de_scroll_animation_no elementor-widget elementor-widget-image-box\" data-id=\"13aff9f0\" data-element_type=\"widget\" data-e-type=\"widget\" data-widget_type=\"image-box.default\">\n\t\t\t\t<div class=\"elementor-widget-container\">\n\t\t\t\t\t<div class=\"elementor-image-box-wrapper\"><figure class=\"elementor-image-box-img\"><a href=\"https:\/\/www.viator.com\/tours\/Agadir\/Enjoy-Hot-Air-Balloon-Over-Red-City-Of-Marrakech\/d4383-111051P1?pid=P00239066&#038;mcid=42383&#038;medium=link&#038;campaign=Hot-air-balloon-agadir1\" tabindex=\"-1\" rel=\"nofollow noopener\" target=\"_blank\"><img decoding=\"async\" width=\"798\" height=\"531\" src=\"https:\/\/hotairballoonagadir.com\/wp-content\/uploads\/2025\/01\/Private-Breakfast-in-the-Sky-in-Hot-Air-Balloon-Agadir.jpg\" class=\"attachment-full size-full wp-image-327\" alt=\"Petit d\u00e9jeuner priv\u00e9 dans le ciel en montgolfi\u00e8re \u00e0 Agadir\" srcset=\"https:\/\/hotairballoonagadir.com\/wp-content\/uploads\/2025\/01\/Private-Breakfast-in-the-Sky-in-Hot-Air-Balloon-Agadir.jpg 798w, https:\/\/hotairballoonagadir.com\/wp-content\/uploads\/2025\/01\/Private-Breakfast-in-the-Sky-in-Hot-Air-Balloon-Agadir-300x200.jpg 300w, https:\/\/hotairballoonagadir.com\/wp-content\/uploads\/2025\/01\/Private-Breakfast-in-the-Sky-in-Hot-Air-Balloon-Agadir-768x511.jpg 768w\" sizes=\"(max-width: 798px) 100vw, 798px\" \/><\/a><\/figure><div class=\"elementor-image-box-content\"><h3 class=\"elementor-image-box-title\"><a href=\"https:\/\/www.viator.com\/tours\/Agadir\/Enjoy-Hot-Air-Balloon-Over-Red-City-Of-Marrakech\/d4383-111051P1?pid=P00239066&#038;mcid=42383&#038;medium=link&#038;campaign=Hot-air-balloon-agadir1\" rel=\"nofollow noopener\" target=\"_blank\">Petit d\u00e9jeuner priv\u00e9 dans le ciel en montgolfi\u00e8re \u00e0 Agadir<\/a><\/h3><p class=\"elementor-image-box-description\">Le matin, un inoubliable petit-d\u00e9jeuner priv\u00e9 dans le ciel \u00e0 bord d'une montgolfi\u00e8re au-dessus d'Agadir vous permettra d'\u00e9lever votre niveau de conscience. Envolez-vous doucement au-dessus du paysage marocain \u00e0 couper le souffle alors que le soleil se l\u00e8ve, cr\u00e9ant une ambiance magique pour votre exp\u00e9rience exclusive. Pendant que vous d\u00e9rivez paisiblement, savourez un petit d\u00e9jeuner luxueux servi dans la nacelle, avec de d\u00e9licieuses sp\u00e9cialit\u00e9s locales et des rafra\u00eechissements. Id\u00e9al pour les c\u00e9l\u00e9brations romantiques, les occasions sp\u00e9ciales ou simplement pour s'offrir une aventure unique, ce vol priv\u00e9 garantit l'intimit\u00e9 et des vues \u00e0 couper le souffle. R\u00e9servez d\u00e8s aujourd'hui votre petit-d\u00e9jeuner priv\u00e9 en montgolfi\u00e8re et commencez votre journ\u00e9e avec \u00e9l\u00e9gance au-dessus des nuages.<\/p><\/div><\/div>\t\t\t\t<\/div>\n\t\t\t\t<\/div>\n\t\t\t\t<div class=\"elementor-element elementor-element-249da77 elementor-position-right elementor-vertical-align-middle de_scroll_animation_no elementor-widget elementor-widget-image-box\" data-id=\"249da77\" data-element_type=\"widget\" data-e-type=\"widget\" data-widget_type=\"image-box.default\">\n\t\t\t\t<div class=\"elementor-widget-container\">\n\t\t\t\t\t<div class=\"elementor-image-box-wrapper\"><figure class=\"elementor-image-box-img\"><a href=\"https:\/\/www.viator.com\/tours\/Agadir\/Enjoy-Hot-Air-Balloon-Over-Red-City-Of-Marrakech\/d4383-111051P1?pid=P00239066&#038;mcid=42383&#038;medium=link&#038;campaign=Hot-air-balloon-agadir1\" tabindex=\"-1\" rel=\"nofollow noopener\" target=\"_blank\"><img decoding=\"async\" width=\"1000\" height=\"667\" src=\"https:\/\/hotairballoonagadir.com\/wp-content\/uploads\/2025\/01\/Exotic-Sunrise-in-Hot-Air-Balloon-Agadir.jpg\" class=\"attachment-full size-full wp-image-328\" alt=\"Lever de soleil exotique en montgolfi\u00e8re \u00e0 Agadir\" srcset=\"https:\/\/hotairballoonagadir.com\/wp-content\/uploads\/2025\/01\/Exotic-Sunrise-in-Hot-Air-Balloon-Agadir.jpg 1000w, https:\/\/hotairballoonagadir.com\/wp-content\/uploads\/2025\/01\/Exotic-Sunrise-in-Hot-Air-Balloon-Agadir-300x200.jpg 300w, https:\/\/hotairballoonagadir.com\/wp-content\/uploads\/2025\/01\/Exotic-Sunrise-in-Hot-Air-Balloon-Agadir-768x512.jpg 768w\" sizes=\"(max-width: 1000px) 100vw, 1000px\" \/><\/a><\/figure><div class=\"elementor-image-box-content\"><h3 class=\"elementor-image-box-title\"><a href=\"https:\/\/www.viator.com\/tours\/Agadir\/Enjoy-Hot-Air-Balloon-Over-Red-City-Of-Marrakech\/d4383-111051P1?pid=P00239066&#038;mcid=42383&#038;medium=link&#038;campaign=Hot-air-balloon-agadir1\" rel=\"nofollow noopener\" target=\"_blank\">Lever de soleil exotique en montgolfi\u00e8re - Exp\u00e9rience Agadir<\/a><\/h3><p class=\"elementor-image-box-description\">Assistez \u00e0 la magie d'un lever de soleil exotique depuis le ciel gr\u00e2ce \u00e0 un vol en montgolfi\u00e8re \u00e0 couper le souffle au-dessus d'Agadir. Alors que le soleil se l\u00e8ve, le paysage marocain s'\u00e9veille sous vos pieds, peignant l'horizon de teintes dor\u00e9es pour un spectacle visuel inoubliable. D\u00e9rivez paisiblement au-dessus des collines ondulantes, des plaines d\u00e9sertiques et des palmeraies tout en profitant de la s\u00e9r\u00e9nit\u00e9 du ciel matinal. Cette exp\u00e9rience extraordinaire est parfaite pour les amoureux de la nature, les photographes et tous ceux qui recherchent une aventure unique. Capturez la beaut\u00e9 d'Agadir d'une toute nouvelle perspective et cr\u00e9ez des souvenirs inoubliables avec ce vol en montgolfi\u00e8re au lever du soleil, qui n'arrive qu'une fois dans une vie.<\/p><\/div><\/div>\t\t\t\t<\/div>\n\t\t\t\t<\/div>\n\t\t\t\t<div class=\"elementor-element elementor-element-30b064a6 elementor-position-right elementor-vertical-align-middle de_scroll_animation_no elementor-widget elementor-widget-image-box\" data-id=\"30b064a6\" data-element_type=\"widget\" data-e-type=\"widget\" data-widget_type=\"image-box.default\">\n\t\t\t\t<div class=\"elementor-widget-container\">\n\t\t\t\t\t<div class=\"elementor-image-box-wrapper\"><figure class=\"elementor-image-box-img\"><img loading=\"lazy\" decoding=\"async\" width=\"669\" height=\"446\" src=\"https:\/\/hotairballoonagadir.com\/wp-content\/uploads\/2025\/01\/Sunrise-Journey-Hot-Air-Balloon-Ride-for-1-Person.jpg\" class=\"attachment-full size-full wp-image-329\" alt=\"Voyage au lever du soleil : Vol en montgolfi\u00e8re pour 1 personne\" srcset=\"https:\/\/hotairballoonagadir.com\/wp-content\/uploads\/2025\/01\/Sunrise-Journey-Hot-Air-Balloon-Ride-for-1-Person.jpg 669w, https:\/\/hotairballoonagadir.com\/wp-content\/uploads\/2025\/01\/Sunrise-Journey-Hot-Air-Balloon-Ride-for-1-Person-300x200.jpg 300w\" sizes=\"(max-width: 669px) 100vw, 669px\" \/><\/figure><div class=\"elementor-image-box-content\"><h3 class=\"elementor-image-box-title\">Voyage au lever du soleil : Vol en montgolfi\u00e8re pour 1 personne<\/h3><p class=\"elementor-image-box-description\">Embarquez pour une aventure en solitaire avec un vol en montgolfi\u00e8re au lever du soleil au-dessus des paysages \u00e9poustouflants d'Agadir. Alors que le soleil se l\u00e8ve, observez le paysage marocain prendre vie sous vos pieds, avec des teintes dor\u00e9es illuminant le d\u00e9sert et les montagnes lointaines. Cette exp\u00e9rience paisible et unique offre un moment de tranquillit\u00e9 et d'\u00e9merveillement alors que vous flottez doucement dans le ciel. Id\u00e9al pour les voyageurs solitaires \u00e0 la recherche d'une escapade unique ou d'une c\u00e9l\u00e9bration personnelle, ce vol au lever du soleil promet des vues \u00e0 couper le souffle et des souvenirs inoubliables. R\u00e9servez d\u00e8s aujourd'hui votre voyage en montgolfi\u00e8re pour commencer la journ\u00e9e de fa\u00e7on magique.<\/p><\/div><\/div>\t\t\t\t<\/div>\n\t\t\t\t<\/div>\n\t\t\t\t<div class=\"elementor-element elementor-element-671d26a4 elementor-position-right elementor-vertical-align-middle de_scroll_animation_no elementor-widget elementor-widget-image-box\" data-id=\"671d26a4\" data-element_type=\"widget\" data-e-type=\"widget\" data-widget_type=\"image-box.default\">\n\t\t\t\t<div class=\"elementor-widget-container\">\n\t\t\t\t\t<div class=\"elementor-image-box-wrapper\"><figure class=\"elementor-image-box-img\"><img loading=\"lazy\" decoding=\"async\" width=\"669\" height=\"446\" src=\"https:\/\/hotairballoonagadir.com\/wp-content\/uploads\/2025\/01\/Sunrise-Journey-Hot-Air-Balloon-Ride-for-2-Persons.jpg\" class=\"attachment-full size-full wp-image-330\" alt=\"\" srcset=\"https:\/\/hotairballoonagadir.com\/wp-content\/uploads\/2025\/01\/Sunrise-Journey-Hot-Air-Balloon-Ride-for-2-Persons.jpg 669w, https:\/\/hotairballoonagadir.com\/wp-content\/uploads\/2025\/01\/Sunrise-Journey-Hot-Air-Balloon-Ride-for-2-Persons-300x200.jpg 300w\" sizes=\"(max-width: 669px) 100vw, 669px\" \/><\/figure><div class=\"elementor-image-box-content\"><h3 class=\"elementor-image-box-title\">Voyage au lever du soleil : Vol en montgolfi\u00e8re pour 2 personnes<\/h3><p class=\"elementor-image-box-description\">Vivez la magie d'un vol en montgolfi\u00e8re pour deux au lever du soleil au-dessus des paysages \u00e9poustouflants d'Agadir. Partagez une aventure matinale paisible en vous \u00e9levant au-dessus des d\u00e9serts dor\u00e9s, des collines ondulantes et des palmeraies, illumin\u00e9s par le soleil levant. Ce vol intime offre un cadre parfait pour les couples \u00e0 la recherche d'une escapade romantique, de c\u00e9l\u00e9brations sp\u00e9ciales ou de moments partag\u00e9s inoubliables. Admirez ensemble les vues \u00e9poustouflantes tout en profitant de la s\u00e9r\u00e9nit\u00e9 du ciel. R\u00e9servez d\u00e8s aujourd'hui votre vol exclusif en montgolfi\u00e8re pour deux au lever du soleil et cr\u00e9ez des souvenirs qui dureront toute votre vie.<\/p><\/div><\/div>\t\t\t\t<\/div>\n\t\t\t\t<\/div>\n\t\t\t\t<div class=\"elementor-element elementor-element-aa47d16 elementor-align-center de_scroll_animation_no elementor-widget elementor-widget-button\" data-id=\"aa47d16\" data-element_type=\"widget\" data-e-type=\"widget\" data-widget_type=\"button.default\">\n\t\t\t\t<div class=\"elementor-widget-container\">\n\t\t\t\t\t\t\t\t\t<div class=\"elementor-button-wrapper\">\n\t\t\t\t\t<a class=\"elementor-button elementor-button-link elementor-size-sm\" href=\"https:\/\/www.viator.com\/fr-FR\/tours\/Agadir\/Enjoy-Hot-Air-Balloon-Over-Red-City-Of-Marrakech\/d4383-111051P1?pid=P00239066&#038;mcid=42383&#038;medium=link&#038;campaign=Hot-air-balloon-agadir\" rel=\"nofollow noopener\" target=\"_blank\">\n\t\t\t\t\t\t<span class=\"elementor-button-content-wrapper\">\n\t\t\t\t\t\t\t\t\t<span class=\"elementor-button-text\">Acheter<\/span>\n\t\t\t\t\t<\/span>\n\t\t\t\t\t<\/a>\n\t\t\t\t<\/div>\n\t\t\t\t\t\t\t\t<\/div>\n\t\t\t\t<\/div>\n\t\t\t\t\t<\/div>\n\t\t<\/div>\n\t\t\t\t\t<\/div>\n\t\t<\/section>\n\t\t\t\t<\/div>","protected":false},"excerpt":{"rendered":"<p>Gift balloon flight Buy Now A Hot Air Balloon Ride \u2013 The Perfect Gift for Any Occasion! Surprise your loved ones with a magical experience! At Agadir Ballooning Adventure, we offer open-date gift vouchers for unforgettable hot air balloon flights over the breathtaking landscapes of Agadir. The voucher, valid for one year, gives the recipient [&hellip;]<\/p>\n","protected":false},"author":1,"featured_media":0,"parent":0,"menu_order":0,"comment_status":"closed","ping_status":"closed","template":"","meta":{"footnotes":""},"class_list":["post-324","page","type-page","status-publish","hentry"],"_links":{"self":[{"href":"https:\/\/hotairballoonagadir.com\/fr\/wp-json\/wp\/v2\/pages\/324","targetHints":{"allow":["GET"]}}],"collection":[{"href":"https:\/\/hotairballoonagadir.com\/fr\/wp-json\/wp\/v2\/pages"}],"about":[{"href":"https:\/\/hotairballoonagadir.com\/fr\/wp-json\/wp\/v2\/types\/page"}],"author":[{"embeddable":true,"href":"https:\/\/hotairballoonagadir.com\/fr\/wp-json\/wp\/v2\/users\/1"}],"replies":[{"embeddable":true,"href":"https:\/\/hotairballoonagadir.com\/fr\/wp-json\/wp\/v2\/comments?post=324"}],"version-history":[{"count":26,"href":"https:\/\/hotairballoonagadir.com\/fr\/wp-json\/wp\/v2\/pages\/324\/revisions"}],"predecessor-version":[{"id":770,"href":"https:\/\/hotairballoonagadir.com\/fr\/wp-json\/wp\/v2\/pages\/324\/revisions\/770"}],"wp:attachment":[{"href":"https:\/\/hotairballoonagadir.com\/fr\/wp-json\/wp\/v2\/media?parent=324"}],"curies":[{"name":"wp","href":"https:\/\/api.w.org\/{rel}","templated":true}]}}