{"id":258,"date":"2025-01-01T12:18:29","date_gmt":"2025-01-01T12:18:29","guid":{"rendered":"https:\/\/hotairballoonagadir.com\/?page_id=258"},"modified":"2025-07-12T14:38:39","modified_gmt":"2025-07-12T14:38:39","slug":"lexperience","status":"publish","type":"page","link":"https:\/\/hotairballoonagadir.com\/fr\/the-experience\/","title":{"rendered":"L'exp\u00e9rience"},"content":{"rendered":"<div data-elementor-type=\"wp-page\" data-elementor-id=\"258\" class=\"elementor elementor-258\" data-elementor-post-type=\"page\">\n\t\t\t\t\t\t<section class=\"elementor-section elementor-top-section elementor-element elementor-element-17651225 elementor-section-boxed elementor-section-height-default elementor-section-height-default\" data-id=\"17651225\" data-element_type=\"section\" data-e-type=\"section\" data-settings=\"{&quot;background_background&quot;:&quot;classic&quot;}\">\n\t\t\t\t\t\t\t<div class=\"elementor-background-overlay\"><\/div>\n\t\t\t\t\t\t\t<div class=\"elementor-container elementor-column-gap-default\">\n\t\t\t\t\t<div class=\"elementor-column elementor-col-100 elementor-top-column elementor-element elementor-element-4007d657\" data-id=\"4007d657\" data-element_type=\"column\" data-e-type=\"column\">\n\t\t\t<div class=\"elementor-widget-wrap elementor-element-populated\">\n\t\t\t\t\t\t<div class=\"elementor-element elementor-element-22a9d1f6 de_scroll_animation_no elementor-widget elementor-widget-heading\" data-id=\"22a9d1f6\" data-element_type=\"widget\" data-e-type=\"widget\" data-widget_type=\"heading.default\">\n\t\t\t\t<div class=\"elementor-widget-container\">\n\t\t\t\t\t<h1 class=\"elementor-heading-title elementor-size-default\">L'exp\u00e9rience\n<\/h1>\t\t\t\t<\/div>\n\t\t\t\t<\/div>\n\t\t\t\t\t<\/div>\n\t\t<\/div>\n\t\t\t\t\t<\/div>\n\t\t<\/section>\n\t\t\t\t<section class=\"elementor-section elementor-top-section elementor-element elementor-element-25b0775 elementor-section-boxed elementor-section-height-default elementor-section-height-default\" data-id=\"25b0775\" data-element_type=\"section\" data-e-type=\"section\">\n\t\t\t\t\t\t<div class=\"elementor-container elementor-column-gap-default\">\n\t\t\t\t\t<div class=\"elementor-column elementor-col-100 elementor-top-column elementor-element elementor-element-58c1bfc5\" data-id=\"58c1bfc5\" data-element_type=\"column\" data-e-type=\"column\">\n\t\t\t<div class=\"elementor-widget-wrap elementor-element-populated\">\n\t\t\t\t\t\t<div class=\"elementor-element elementor-element-2e03f19c elementor-position-right elementor-vertical-align-middle de_scroll_animation_no elementor-widget elementor-widget-image-box\" data-id=\"2e03f19c\" data-element_type=\"widget\" data-e-type=\"widget\" data-widget_type=\"image-box.default\">\n\t\t\t\t<div class=\"elementor-widget-container\">\n\t\t\t\t\t<div class=\"elementor-image-box-wrapper\"><figure class=\"elementor-image-box-img\"><img fetchpriority=\"high\" decoding=\"async\" width=\"953\" height=\"715\" src=\"https:\/\/hotairballoonagadir.com\/wp-content\/uploads\/2024\/12\/air-balloon-agadir.jpg\" class=\"attachment-full size-full wp-image-210\" alt=\"Inflation et d\u00e9collage\" srcset=\"https:\/\/hotairballoonagadir.com\/wp-content\/uploads\/2024\/12\/air-balloon-agadir.jpg 953w, https:\/\/hotairballoonagadir.com\/wp-content\/uploads\/2024\/12\/air-balloon-agadir-300x225.jpg 300w, https:\/\/hotairballoonagadir.com\/wp-content\/uploads\/2024\/12\/air-balloon-agadir-768x576.jpg 768w\" sizes=\"(max-width: 953px) 100vw, 953px\" \/><\/figure><div class=\"elementor-image-box-content\"><h3 class=\"elementor-image-box-title\">LE D\u00c9BUT<\/h3><p class=\"elementor-image-box-description\">L'aventure commence lorsque le ballon est gonfl\u00e9 \u00e0 l'aide de ventilateurs motoris\u00e9s. Une fois rempli d'air, des br\u00fbleurs au propane chauffent l'air \u00e0 l'int\u00e9rieur, et en trente minutes, le ballon est pr\u00eat \u00e0 s'envoler.\n\nVous rejoindrez alors votre pilote dans notre magnifique panier en osier fabriqu\u00e9 \u00e0 la main. Con\u00e7ue pour le confort, cette nacelle spacieuse et luxueuse permet \u00e0 chacun de disposer de suffisamment d'espace pour profiter pleinement de ce voyage \u00e0 couper le souffle.<\/p><\/div><\/div>\t\t\t\t<\/div>\n\t\t\t\t<\/div>\n\t\t\t\t<div class=\"elementor-element elementor-element-3e872e1d elementor-position-right elementor-vertical-align-middle de_scroll_animation_no elementor-widget elementor-widget-image-box\" data-id=\"3e872e1d\" data-element_type=\"widget\" data-e-type=\"widget\" data-widget_type=\"image-box.default\">\n\t\t\t\t<div class=\"elementor-widget-container\">\n\t\t\t\t\t<div class=\"elementor-image-box-wrapper\"><figure class=\"elementor-image-box-img\"><img decoding=\"async\" width=\"810\" height=\"540\" src=\"https:\/\/hotairballoonagadir.com\/wp-content\/uploads\/2024\/12\/morocco-hot-air-balloon.jpg\" class=\"attachment-full size-full wp-image-209\" alt=\"Balades en montgolfi\u00e8re\" srcset=\"https:\/\/hotairballoonagadir.com\/wp-content\/uploads\/2024\/12\/morocco-hot-air-balloon.jpg 810w, https:\/\/hotairballoonagadir.com\/wp-content\/uploads\/2024\/12\/morocco-hot-air-balloon-300x200.jpg 300w, https:\/\/hotairballoonagadir.com\/wp-content\/uploads\/2024\/12\/morocco-hot-air-balloon-768x512.jpg 768w\" sizes=\"(max-width: 810px) 100vw, 810px\" \/><\/figure><div class=\"elementor-image-box-content\"><h3 class=\"elementor-image-box-title\">EN HAUT, EN HAUT ET LOIN<\/h3><p class=\"elementor-image-box-description\">Lorsque vous d\u00e9collerez doucement, vous serez surpris par la l\u00e9g\u00e8ret\u00e9 de la montgolfi\u00e8re. Pendant le vol, vous profiterez d'une vue imprenable \u00e0 360 degr\u00e9s, id\u00e9ale pour prendre des photos \u00e0 couper le souffle.\n\nVotre pilote explorera diff\u00e9rentes altitudes, s'\u00e9levant jusqu'\u00e0 1 500 pieds pour des vues panoramiques \u00e9poustouflantes et descendant \u00e0 seulement 400 pieds pour vous immerger dans les vues et les sons des paysages captivants d'Agadir.\n\nEn ajustant l'altitude, le pilote peut m\u00eame changer de direction, en utilisant les changements dans les courants de vent. La vue de nos ballons suscite souvent l'excitation et la curiosit\u00e9, et il arrive que des badauds et des voitures viennent \u00e0 notre rencontre apr\u00e8s l'atterrissage.<\/p><\/div><\/div>\t\t\t\t<\/div>\n\t\t\t\t<\/div>\n\t\t\t\t<div class=\"elementor-element elementor-element-6e43ffcb elementor-position-right elementor-vertical-align-middle de_scroll_animation_no elementor-widget elementor-widget-image-box\" data-id=\"6e43ffcb\" data-element_type=\"widget\" data-e-type=\"widget\" data-widget_type=\"image-box.default\">\n\t\t\t\t<div class=\"elementor-widget-container\">\n\t\t\t\t\t<div class=\"elementor-image-box-wrapper\"><figure class=\"elementor-image-box-img\"><img decoding=\"async\" width=\"460\" height=\"344\" src=\"https:\/\/hotairballoonagadir.com\/wp-content\/uploads\/2025\/01\/BACK-TO-EARTH.jpg\" class=\"attachment-full size-full wp-image-260\" alt=\"RETOUR \u00c0 LA TERRE\" srcset=\"https:\/\/hotairballoonagadir.com\/wp-content\/uploads\/2025\/01\/BACK-TO-EARTH.jpg 460w, https:\/\/hotairballoonagadir.com\/wp-content\/uploads\/2025\/01\/BACK-TO-EARTH-300x224.jpg 300w\" sizes=\"(max-width: 460px) 100vw, 460px\" \/><\/figure><div class=\"elementor-image-box-content\"><h3 class=\"elementor-image-box-title\">RETOUR \u00c0 LA TERRE<\/h3><p class=\"elementor-image-box-description\">Pendant votre vol, notre \u00e9quipe au sol suivra votre ballon \u00e0 travers les routes et les champs, afin d'\u00eatre pr\u00eate \u00e0 vous accueillir \u00e0 l'atterrissage - un moment vraiment festif.\n\nVoici ce qui vous attend au cours de cette exp\u00e9rience de deux heures :\n\nAccueil et enregistrement\nBriefing avant le vol par votre pilote\nPossibilit\u00e9 d'assister au gonflage du ballon\nEnviron une heure de vol en montgolfi\u00e8re\nUn certificat sign\u00e9 par votre pilote (sur demande)\nInvitation \u00e0 participer au d\u00e9gonflage du ballon\nTransport jusqu'\u00e0 votre lieu de d\u00e9part\nChaque moment est con\u00e7u pour rendre votre aventure inoubliable !<\/p><\/div><\/div>\t\t\t\t<\/div>\n\t\t\t\t<\/div>\n\t\t\t\t\t<\/div>\n\t\t<\/div>\n\t\t\t\t\t<\/div>\n\t\t<\/section>\n\t\t\t\t<section class=\"elementor-section elementor-top-section elementor-element elementor-element-15d4c458 elementor-section-boxed elementor-section-height-default elementor-section-height-default\" data-id=\"15d4c458\" data-element_type=\"section\" data-e-type=\"section\" data-settings=\"{&quot;background_background&quot;:&quot;classic&quot;}\">\n\t\t\t\t\t\t<div class=\"elementor-container elementor-column-gap-default\">\n\t\t\t\t\t<div class=\"elementor-column elementor-col-33 elementor-top-column elementor-element elementor-element-2e1608dd\" data-id=\"2e1608dd\" data-element_type=\"column\" data-e-type=\"column\">\n\t\t\t<div class=\"elementor-widget-wrap elementor-element-populated\">\n\t\t\t\t\t\t<div class=\"elementor-element elementor-element-69ac2ba5 de_scroll_animation_no elementor-widget elementor-widget-image\" data-id=\"69ac2ba5\" data-element_type=\"widget\" data-e-type=\"widget\" data-widget_type=\"image.default\">\n\t\t\t\t<div class=\"elementor-widget-container\">\n\t\t\t\t\t\t\t\t\t\t\t\t\t\t\t<img loading=\"lazy\" decoding=\"async\" width=\"800\" height=\"600\" src=\"https:\/\/hotairballoonagadir.com\/wp-content\/uploads\/2024\/12\/hot-air-ballon-standart-flight.jpg\" class=\"attachment-large size-large wp-image-64\" alt=\"vol en montgolfiere standart\" srcset=\"https:\/\/hotairballoonagadir.com\/wp-content\/uploads\/2024\/12\/hot-air-ballon-standart-flight.jpg 800w, https:\/\/hotairballoonagadir.com\/wp-content\/uploads\/2024\/12\/hot-air-ballon-standart-flight-300x225.jpg 300w, https:\/\/hotairballoonagadir.com\/wp-content\/uploads\/2024\/12\/hot-air-ballon-standart-flight-768x576.jpg 768w\" sizes=\"(max-width: 800px) 100vw, 800px\" \/>\t\t\t\t\t\t\t\t\t\t\t\t\t\t\t<\/div>\n\t\t\t\t<\/div>\n\t\t\t\t<section class=\"elementor-section elementor-inner-section elementor-element elementor-element-26793d2b elementor-section-boxed elementor-section-height-default elementor-section-height-default\" data-id=\"26793d2b\" data-element_type=\"section\" data-e-type=\"section\" data-settings=\"{&quot;background_background&quot;:&quot;classic&quot;}\">\n\t\t\t\t\t\t\t<div class=\"elementor-background-overlay\"><\/div>\n\t\t\t\t\t\t\t<div class=\"elementor-container elementor-column-gap-default\">\n\t\t\t\t\t<div class=\"elementor-column elementor-col-100 elementor-inner-column elementor-element elementor-element-2c8c638f\" data-id=\"2c8c638f\" data-element_type=\"column\" data-e-type=\"column\">\n\t\t\t<div class=\"elementor-widget-wrap elementor-element-populated\">\n\t\t\t\t\t\t<div class=\"elementor-element elementor-element-556df8ac de_scroll_animation_no elementor-widget elementor-widget-heading\" data-id=\"556df8ac\" data-element_type=\"widget\" data-e-type=\"widget\" data-widget_type=\"heading.default\">\n\t\t\t\t<div class=\"elementor-widget-container\">\n\t\t\t\t\t<h3 class=\"elementor-heading-title elementor-size-default\">Vol classique <\/h3>\t\t\t\t<\/div>\n\t\t\t\t<\/div>\n\t\t\t\t<div class=\"elementor-element elementor-element-13c5437a de_scroll_animation_no elementor-widget elementor-widget-text-editor\" data-id=\"13c5437a\" data-element_type=\"widget\" data-e-type=\"widget\" data-widget_type=\"text-editor.default\">\n\t\t\t\t<div class=\"elementor-widget-container\">\n\t\t\t\t\t\t\t\t\t<p>Vivez une aventure inoubliable en montgolfi\u00e8re \u00e0 Agadir avec un vol au lever du soleil, offrant des vues \u00e0 couper le souffle sur les paysages d\u00e9sertiques de la r\u00e9gion et une exp\u00e9rience vraiment captivante.<\/p>\t\t\t\t\t\t\t\t<\/div>\n\t\t\t\t<\/div>\n\t\t\t\t<div class=\"elementor-element elementor-element-458ac865 elementor-align-center elementor-mobile-align-center elementor-widget__width-initial elementor-widget-mobile__width-inherit elementor-tablet-align-left elementor-widget-tablet__width-inherit de_scroll_animation_no elementor-widget elementor-widget-button\" data-id=\"458ac865\" data-element_type=\"widget\" data-e-type=\"widget\" data-widget_type=\"button.default\">\n\t\t\t\t<div class=\"elementor-widget-container\">\n\t\t\t\t\t\t\t\t\t<div class=\"elementor-button-wrapper\">\n\t\t\t\t\t<a class=\"elementor-button elementor-button-link elementor-size-sm\" href=\"https:\/\/hotairballoonagadir.com\/classic-flight\/\">\n\t\t\t\t\t\t<span class=\"elementor-button-content-wrapper\">\n\t\t\t\t\t\t<span class=\"elementor-button-icon\">\n\t\t\t\t<svg aria-hidden=\"true\" class=\"e-font-icon-svg e-fas-search\" viewbox=\"0 0 512 512\" xmlns=\"http:\/\/www.w3.org\/2000\/svg\"><path d=\"M505 442.7L405.3 343c-4.5-4.5-10.6-7-17-7H372c27.6-35.3 44-79.7 44-128C416 93.1 322.9 0 208 0S0 93.1 0 208s93.1 208 208 208c48.3 0 92.7-16.4 128-44v16.3c0 6.4 2.5 12.5 7 17l99.7 99.7c9.4 9.4 24.6 9.4 33.9 0l28.3-28.3c9.4-9.4 9.4-24.6.1-34zM208 336c-70.7 0-128-57.2-128-128 0-70.7 57.2-128 128-128 70.7 0 128 57.2 128 128 0 70.7-57.2 128-128 128z\"><\/path><\/svg>\t\t\t<\/span>\n\t\t\t\t\t\t\t\t\t<span class=\"elementor-button-text\">Voir les d\u00e9tails<\/span>\n\t\t\t\t\t<\/span>\n\t\t\t\t\t<\/a>\n\t\t\t\t<\/div>\n\t\t\t\t\t\t\t\t<\/div>\n\t\t\t\t<\/div>\n\t\t\t\t<div class=\"elementor-element elementor-element-3d1db6d2 elementor-align-center elementor-widget__width-initial de_scroll_animation_no elementor-widget elementor-widget-button\" data-id=\"3d1db6d2\" data-element_type=\"widget\" data-e-type=\"widget\" data-widget_type=\"button.default\">\n\t\t\t\t<div class=\"elementor-widget-container\">\n\t\t\t\t\t\t\t\t\t<div class=\"elementor-button-wrapper\">\n\t\t\t\t\t<a class=\"elementor-button elementor-button-link elementor-size-sm\" href=\"https:\/\/www.viator.com\/fr-FR\/tours\/Agadir\/Enjoy-Hot-Air-Balloon-Over-Red-City-Of-Marrakech\/d4383-111051P1?pid=P00239066&#038;mcid=42383&#038;medium=link&#038;campaign=Hot-air-balloon-agadir\" rel=\"nofollow noopener\" target=\"_blank\">\n\t\t\t\t\t\t<span class=\"elementor-button-content-wrapper\">\n\t\t\t\t\t\t\t\t\t<span class=\"elementor-button-text\">R\u00e9server<\/span>\n\t\t\t\t\t<\/span>\n\t\t\t\t\t<\/a>\n\t\t\t\t<\/div>\n\t\t\t\t\t\t\t\t<\/div>\n\t\t\t\t<\/div>\n\t\t\t\t\t<\/div>\n\t\t<\/div>\n\t\t\t\t\t<\/div>\n\t\t<\/section>\n\t\t\t\t\t<\/div>\n\t\t<\/div>\n\t\t\t\t<div class=\"elementor-column elementor-col-33 elementor-top-column elementor-element elementor-element-14894470\" data-id=\"14894470\" data-element_type=\"column\" data-e-type=\"column\">\n\t\t\t<div class=\"elementor-widget-wrap elementor-element-populated\">\n\t\t\t\t\t\t<div class=\"elementor-element elementor-element-54d1e026 de_scroll_animation_no elementor-widget elementor-widget-image\" data-id=\"54d1e026\" data-element_type=\"widget\" data-e-type=\"widget\" data-widget_type=\"image.default\">\n\t\t\t\t<div class=\"elementor-widget-container\">\n\t\t\t\t\t\t\t\t\t\t\t\t\t\t\t<img loading=\"lazy\" decoding=\"async\" width=\"800\" height=\"495\" src=\"https:\/\/hotairballoonagadir.com\/wp-content\/uploads\/2024\/12\/Premium-Flight-Package-1024x633.jpg\" class=\"attachment-large size-large wp-image-65\" alt=\"Paquet de vols Premium\" srcset=\"https:\/\/hotairballoonagadir.com\/wp-content\/uploads\/2024\/12\/Premium-Flight-Package-1024x633.jpg 1024w, https:\/\/hotairballoonagadir.com\/wp-content\/uploads\/2024\/12\/Premium-Flight-Package-300x186.jpg 300w, https:\/\/hotairballoonagadir.com\/wp-content\/uploads\/2024\/12\/Premium-Flight-Package-768x475.jpg 768w, https:\/\/hotairballoonagadir.com\/wp-content\/uploads\/2024\/12\/Premium-Flight-Package-1536x950.jpg 1536w, https:\/\/hotairballoonagadir.com\/wp-content\/uploads\/2024\/12\/Premium-Flight-Package.jpg 1921w\" sizes=\"(max-width: 800px) 100vw, 800px\" \/>\t\t\t\t\t\t\t\t\t\t\t\t\t\t\t<\/div>\n\t\t\t\t<\/div>\n\t\t\t\t<section class=\"elementor-section elementor-inner-section elementor-element elementor-element-750a5343 elementor-section-boxed elementor-section-height-default elementor-section-height-default\" data-id=\"750a5343\" data-element_type=\"section\" data-e-type=\"section\" data-settings=\"{&quot;background_background&quot;:&quot;classic&quot;}\">\n\t\t\t\t\t\t\t<div class=\"elementor-background-overlay\"><\/div>\n\t\t\t\t\t\t\t<div class=\"elementor-container elementor-column-gap-default\">\n\t\t\t\t\t<div class=\"elementor-column elementor-col-100 elementor-inner-column elementor-element elementor-element-3e8cfe\" data-id=\"3e8cfe\" data-element_type=\"column\" data-e-type=\"column\">\n\t\t\t<div class=\"elementor-widget-wrap elementor-element-populated\">\n\t\t\t\t\t\t<div class=\"elementor-element elementor-element-29cac183 de_scroll_animation_no elementor-widget elementor-widget-heading\" data-id=\"29cac183\" data-element_type=\"widget\" data-e-type=\"widget\" data-widget_type=\"heading.default\">\n\t\t\t\t<div class=\"elementor-widget-container\">\n\t\t\t\t\t<h3 class=\"elementor-heading-title elementor-size-default\">Vol en groupe <\/h3>\t\t\t\t<\/div>\n\t\t\t\t<\/div>\n\t\t\t\t<div class=\"elementor-element elementor-element-142175c4 de_scroll_animation_no elementor-widget elementor-widget-text-editor\" data-id=\"142175c4\" data-element_type=\"widget\" data-e-type=\"widget\" data-widget_type=\"text-editor.default\">\n\t\t\t\t<div class=\"elementor-widget-container\">\n\t\t\t\t\t\t\t\t\t<p>D\u00e9tendez-vous sous les \u00e9toiles dans une oasis sereine du d\u00e9sert \u00e0 Agadir avant de vous envoler au lever du soleil vers les magnifiques paysages dor\u00e9s de la r\u00e9gion.<\/p>\t\t\t\t\t\t\t\t<\/div>\n\t\t\t\t<\/div>\n\t\t\t\t<div class=\"elementor-element elementor-element-7bf2d85b elementor-align-center elementor-mobile-align-center elementor-widget__width-initial elementor-widget-mobile__width-inherit elementor-tablet-align-left elementor-widget-tablet__width-inherit de_scroll_animation_no elementor-widget elementor-widget-button\" data-id=\"7bf2d85b\" data-element_type=\"widget\" data-e-type=\"widget\" data-widget_type=\"button.default\">\n\t\t\t\t<div class=\"elementor-widget-container\">\n\t\t\t\t\t\t\t\t\t<div class=\"elementor-button-wrapper\">\n\t\t\t\t\t<a class=\"elementor-button elementor-button-link elementor-size-sm\" href=\"https:\/\/hotairballoonagadir.com\/group-flight\/\">\n\t\t\t\t\t\t<span class=\"elementor-button-content-wrapper\">\n\t\t\t\t\t\t<span class=\"elementor-button-icon\">\n\t\t\t\t<svg aria-hidden=\"true\" class=\"e-font-icon-svg e-fas-search\" viewbox=\"0 0 512 512\" xmlns=\"http:\/\/www.w3.org\/2000\/svg\"><path d=\"M505 442.7L405.3 343c-4.5-4.5-10.6-7-17-7H372c27.6-35.3 44-79.7 44-128C416 93.1 322.9 0 208 0S0 93.1 0 208s93.1 208 208 208c48.3 0 92.7-16.4 128-44v16.3c0 6.4 2.5 12.5 7 17l99.7 99.7c9.4 9.4 24.6 9.4 33.9 0l28.3-28.3c9.4-9.4 9.4-24.6.1-34zM208 336c-70.7 0-128-57.2-128-128 0-70.7 57.2-128 128-128 70.7 0 128 57.2 128 128 0 70.7-57.2 128-128 128z\"><\/path><\/svg>\t\t\t<\/span>\n\t\t\t\t\t\t\t\t\t<span class=\"elementor-button-text\">Voir les d\u00e9tails<\/span>\n\t\t\t\t\t<\/span>\n\t\t\t\t\t<\/a>\n\t\t\t\t<\/div>\n\t\t\t\t\t\t\t\t<\/div>\n\t\t\t\t<\/div>\n\t\t\t\t<div class=\"elementor-element elementor-element-27fd5f7f elementor-align-center elementor-widget__width-initial de_scroll_animation_no elementor-widget elementor-widget-button\" data-id=\"27fd5f7f\" data-element_type=\"widget\" data-e-type=\"widget\" data-widget_type=\"button.default\">\n\t\t\t\t<div class=\"elementor-widget-container\">\n\t\t\t\t\t\t\t\t\t<div class=\"elementor-button-wrapper\">\n\t\t\t\t\t<a class=\"elementor-button elementor-button-link elementor-size-sm\" href=\"https:\/\/www.viator.com\/fr-FR\/tours\/Agadir\/Enjoy-Hot-Air-Balloon-Over-Red-City-Of-Marrakech\/d4383-111051P1?pid=P00239066&#038;mcid=42383&#038;medium=link&#038;campaign=Hot-air-balloon-agadir\" rel=\"nofollow noopener\" target=\"_blank\">\n\t\t\t\t\t\t<span class=\"elementor-button-content-wrapper\">\n\t\t\t\t\t\t\t\t\t<span class=\"elementor-button-text\">R\u00e9server<\/span>\n\t\t\t\t\t<\/span>\n\t\t\t\t\t<\/a>\n\t\t\t\t<\/div>\n\t\t\t\t\t\t\t\t<\/div>\n\t\t\t\t<\/div>\n\t\t\t\t\t<\/div>\n\t\t<\/div>\n\t\t\t\t\t<\/div>\n\t\t<\/section>\n\t\t\t\t\t<\/div>\n\t\t<\/div>\n\t\t\t\t<div class=\"elementor-column elementor-col-33 elementor-top-column elementor-element elementor-element-62923051\" data-id=\"62923051\" data-element_type=\"column\" data-e-type=\"column\">\n\t\t\t<div class=\"elementor-widget-wrap elementor-element-populated\">\n\t\t\t\t\t\t<div class=\"elementor-element elementor-element-38cfbe6d de_scroll_animation_no elementor-widget elementor-widget-image\" data-id=\"38cfbe6d\" data-element_type=\"widget\" data-e-type=\"widget\" data-widget_type=\"image.default\">\n\t\t\t\t<div class=\"elementor-widget-container\">\n\t\t\t\t\t\t\t\t\t\t\t\t\t\t\t<img loading=\"lazy\" decoding=\"async\" width=\"720\" height=\"480\" src=\"https:\/\/hotairballoonagadir.com\/wp-content\/uploads\/2024\/12\/Exclusive-VIP-Package.jpg\" class=\"attachment-large size-large wp-image-66\" alt=\"Package VIP exclusif\" srcset=\"https:\/\/hotairballoonagadir.com\/wp-content\/uploads\/2024\/12\/Exclusive-VIP-Package.jpg 720w, https:\/\/hotairballoonagadir.com\/wp-content\/uploads\/2024\/12\/Exclusive-VIP-Package-300x200.jpg 300w\" sizes=\"(max-width: 720px) 100vw, 720px\" \/>\t\t\t\t\t\t\t\t\t\t\t\t\t\t\t<\/div>\n\t\t\t\t<\/div>\n\t\t\t\t<section class=\"elementor-section elementor-inner-section elementor-element elementor-element-1b7205d4 elementor-section-boxed elementor-section-height-default elementor-section-height-default\" data-id=\"1b7205d4\" data-element_type=\"section\" data-e-type=\"section\" data-settings=\"{&quot;background_background&quot;:&quot;classic&quot;}\">\n\t\t\t\t\t\t\t<div class=\"elementor-background-overlay\"><\/div>\n\t\t\t\t\t\t\t<div class=\"elementor-container elementor-column-gap-default\">\n\t\t\t\t\t<div class=\"elementor-column elementor-col-100 elementor-inner-column elementor-element elementor-element-5b7358fa\" data-id=\"5b7358fa\" data-element_type=\"column\" data-e-type=\"column\">\n\t\t\t<div class=\"elementor-widget-wrap elementor-element-populated\">\n\t\t\t\t\t\t<div class=\"elementor-element elementor-element-1df2023c de_scroll_animation_no elementor-widget elementor-widget-heading\" data-id=\"1df2023c\" data-element_type=\"widget\" data-e-type=\"widget\" data-widget_type=\"heading.default\">\n\t\t\t\t<div class=\"elementor-widget-container\">\n\t\t\t\t\t<h3 class=\"elementor-heading-title elementor-size-default\">Vol priv\u00e9 en montgolfi\u00e8re<\/h3>\t\t\t\t<\/div>\n\t\t\t\t<\/div>\n\t\t\t\t<div class=\"elementor-element elementor-element-718b0ba4 de_scroll_animation_no elementor-widget elementor-widget-text-editor\" data-id=\"718b0ba4\" data-element_type=\"widget\" data-e-type=\"widget\" data-widget_type=\"text-editor.default\">\n\t\t\t\t<div class=\"elementor-widget-container\">\n\t\t\t\t\t\t\t\t\t<p>Embarquez pour un voyage en montgolfi\u00e8re intime et exclusif, id\u00e9al pour les couples, les familles ou les c\u00e9l\u00e9brations sp\u00e9ciales inoubliables.<\/p>\t\t\t\t\t\t\t\t<\/div>\n\t\t\t\t<\/div>\n\t\t\t\t<div class=\"elementor-element elementor-element-176787bb elementor-align-center elementor-mobile-align-center elementor-widget__width-initial elementor-widget-mobile__width-inherit elementor-tablet-align-left elementor-widget-tablet__width-inherit de_scroll_animation_no elementor-widget elementor-widget-button\" data-id=\"176787bb\" data-element_type=\"widget\" data-e-type=\"widget\" data-widget_type=\"button.default\">\n\t\t\t\t<div class=\"elementor-widget-container\">\n\t\t\t\t\t\t\t\t\t<div class=\"elementor-button-wrapper\">\n\t\t\t\t\t<a class=\"elementor-button elementor-button-link elementor-size-sm\" href=\"https:\/\/hotairballoonagadir.com\/private-flight\/\">\n\t\t\t\t\t\t<span class=\"elementor-button-content-wrapper\">\n\t\t\t\t\t\t<span class=\"elementor-button-icon\">\n\t\t\t\t<svg aria-hidden=\"true\" class=\"e-font-icon-svg e-fas-search\" viewbox=\"0 0 512 512\" xmlns=\"http:\/\/www.w3.org\/2000\/svg\"><path d=\"M505 442.7L405.3 343c-4.5-4.5-10.6-7-17-7H372c27.6-35.3 44-79.7 44-128C416 93.1 322.9 0 208 0S0 93.1 0 208s93.1 208 208 208c48.3 0 92.7-16.4 128-44v16.3c0 6.4 2.5 12.5 7 17l99.7 99.7c9.4 9.4 24.6 9.4 33.9 0l28.3-28.3c9.4-9.4 9.4-24.6.1-34zM208 336c-70.7 0-128-57.2-128-128 0-70.7 57.2-128 128-128 70.7 0 128 57.2 128 128 0 70.7-57.2 128-128 128z\"><\/path><\/svg>\t\t\t<\/span>\n\t\t\t\t\t\t\t\t\t<span class=\"elementor-button-text\">Voir les d\u00e9tails<\/span>\n\t\t\t\t\t<\/span>\n\t\t\t\t\t<\/a>\n\t\t\t\t<\/div>\n\t\t\t\t\t\t\t\t<\/div>\n\t\t\t\t<\/div>\n\t\t\t\t<div class=\"elementor-element elementor-element-46080e0a elementor-align-center elementor-widget__width-initial de_scroll_animation_no elementor-widget elementor-widget-button\" data-id=\"46080e0a\" data-element_type=\"widget\" data-e-type=\"widget\" data-widget_type=\"button.default\">\n\t\t\t\t<div class=\"elementor-widget-container\">\n\t\t\t\t\t\t\t\t\t<div class=\"elementor-button-wrapper\">\n\t\t\t\t\t<a class=\"elementor-button elementor-button-link elementor-size-sm\" href=\"https:\/\/www.viator.com\/fr-FR\/tours\/Agadir\/Enjoy-Hot-Air-Balloon-Over-Red-City-Of-Marrakech\/d4383-111051P1?pid=P00239066&#038;mcid=42383&#038;medium=link&#038;campaign=Hot-air-balloon-agadir\" rel=\"nofollow noopener\" target=\"_blank\">\n\t\t\t\t\t\t<span class=\"elementor-button-content-wrapper\">\n\t\t\t\t\t\t\t\t\t<span class=\"elementor-button-text\">R\u00e9server<\/span>\n\t\t\t\t\t<\/span>\n\t\t\t\t\t<\/a>\n\t\t\t\t<\/div>\n\t\t\t\t\t\t\t\t<\/div>\n\t\t\t\t<\/div>\n\t\t\t\t\t<\/div>\n\t\t<\/div>\n\t\t\t\t\t<\/div>\n\t\t<\/section>\n\t\t\t\t\t<\/div>\n\t\t<\/div>\n\t\t\t\t\t<\/div>\n\t\t<\/section>\n\t\t\t\t<\/div>","protected":false},"excerpt":{"rendered":"<p>The Experience THE BEGINNING Your adventure begins as the balloon is inflated using motorized fans. Once filled with air, propane burners heat the air inside, and within thirty minutes, the balloon is ready for flight. You\u2019ll then join your pilot in our beautifully hand-crafted wicker basket. Designed for comfort, the spacious and luxurious basket ensures [&hellip;]<\/p>\n","protected":false},"author":1,"featured_media":0,"parent":0,"menu_order":0,"comment_status":"closed","ping_status":"closed","template":"","meta":{"footnotes":""},"class_list":["post-258","page","type-page","status-publish","hentry"],"_links":{"self":[{"href":"https:\/\/hotairballoonagadir.com\/fr\/wp-json\/wp\/v2\/pages\/258","targetHints":{"allow":["GET"]}}],"collection":[{"href":"https:\/\/hotairballoonagadir.com\/fr\/wp-json\/wp\/v2\/pages"}],"about":[{"href":"https:\/\/hotairballoonagadir.com\/fr\/wp-json\/wp\/v2\/types\/page"}],"author":[{"embeddable":true,"href":"https:\/\/hotairballoonagadir.com\/fr\/wp-json\/wp\/v2\/users\/1"}],"replies":[{"embeddable":true,"href":"https:\/\/hotairballoonagadir.com\/fr\/wp-json\/wp\/v2\/comments?post=258"}],"version-history":[{"count":16,"href":"https:\/\/hotairballoonagadir.com\/fr\/wp-json\/wp\/v2\/pages\/258\/revisions"}],"predecessor-version":[{"id":777,"href":"https:\/\/hotairballoonagadir.com\/fr\/wp-json\/wp\/v2\/pages\/258\/revisions\/777"}],"wp:attachment":[{"href":"https:\/\/hotairballoonagadir.com\/fr\/wp-json\/wp\/v2\/media?parent=258"}],"curies":[{"name":"wp","href":"https:\/\/api.w.org\/{rel}","templated":true}]}}